{"id":9811,"date":"2021-06-07T15:39:32","date_gmt":"2021-06-07T13:39:32","guid":{"rendered":"https:\/\/www.rascalindustry.pl\/?page_id=9811"},"modified":"2022-02-11T13:51:22","modified_gmt":"2022-02-11T12:51:22","slug":"casquettes-de-baseball","status":"publish","type":"page","link":"https:\/\/www.rascalindustry.pl\/fr\/casquettes\/casquettes-de-baseball\/","title":{"rendered":"Casquettes de baseball"},"content":{"rendered":"\t\t<div data-elementor-type=\"wp-page\" data-elementor-id=\"9811\" class=\"elementor elementor-9811\" data-elementor-post-type=\"page\">\n\t\t\t\t\t\t<section class=\"elementor-section elementor-top-section elementor-element elementor-element-da5772f elementor-section-stretched elementor-section-full_width elementor-section-gap-beside-yes elementor-section-height-default elementor-section-height-default elementor-section-column-vertical-align-stretch\" data-id=\"da5772f\" data-element_type=\"section\" data-settings=\"{&quot;stretch_section&quot;:&quot;section-stretched&quot;,&quot;background_background&quot;:&quot;classic&quot;}\">\n\t\t\t\t\t\t<div class=\"elementor-container elementor-column-gap-extended\">\n\t\t\t\t\t<div class=\"elementor-column elementor-col-100 elementor-top-column elementor-element elementor-element-514a944\" data-id=\"514a944\" data-element_type=\"column\">\n\t\t\t<div class=\"elementor-widget-wrap elementor-element-populated\">\n\t\t\t\t\t\t<div class=\"elementor-element elementor-element-513931b elementor-widget elementor-widget-heading\" data-id=\"513931b\" data-element_type=\"widget\" data-widget_type=\"heading.default\">\n\t\t\t\t<div class=\"elementor-widget-container\">\n\t\t\t<h1 class=\"elementor-heading-title elementor-size-xxl\">Nous produisons des v\u00eatements publicitaires<\/h1>\t\t<\/div>\n\t\t\t\t<\/div>\n\t\t\t\t<div class=\"elementor-element elementor-element-b15cd76 elementor-widget elementor-widget-text-editor\" data-id=\"b15cd76\" data-element_type=\"widget\" data-widget_type=\"text-editor.default\">\n\t\t\t\t<div class=\"elementor-widget-container\">\n\t\t\t\t\t\t\t<p style=\"text-align: center;\"><span style=\"color: #000000;\">Votre logo ou slogan publicitaire peut \u00eatre plac\u00e9 n\u2019importe o\u00f9 sur le v\u00eatement.<\/span><br \/><span style=\"color: #000000;\">Nous pouvons marquer chaque produit avec une \u00e9tiquette personnalis\u00e9e.<\/span><br \/><span style=\"color: #000000;\">Quel type de mod\u00e8le ou quelle couleur dois-je choisir? <br \/>D\u00e9tendez-vous, nous sommes l\u00e0 pour vous, n\u2019h\u00e9sitez pas \u00e0 nous contacter. <\/span><\/p>\t\t\t\t\t\t<\/div>\n\t\t\t\t<\/div>\n\t\t\t\t\t<\/div>\n\t\t<\/div>\n\t\t\t\t\t<\/div>\n\t\t<\/section>\n\t\t\t\t<section class=\"elementor-section elementor-top-section elementor-element elementor-element-5992336 elementor-section-stretched elementor-section-full_width elementor-section-gap-beside-yes elementor-section-height-default elementor-section-height-default elementor-section-column-vertical-align-stretch\" data-id=\"5992336\" data-element_type=\"section\" data-settings=\"{&quot;stretch_section&quot;:&quot;section-stretched&quot;}\">\n\t\t\t\t\t\t<div class=\"elementor-container elementor-column-gap-default\">\n\t\t\t\t\t<div class=\"elementor-column elementor-col-50 elementor-top-column elementor-element elementor-element-7c29db8 elementor-hidden-phone\" data-id=\"7c29db8\" data-element_type=\"column\">\n\t\t\t<div class=\"elementor-widget-wrap elementor-element-populated\">\n\t\t\t\t\t\t<div class=\"elementor-element elementor-element-7bef8dd elementor-widget elementor-widget-image\" data-id=\"7bef8dd\" data-element_type=\"widget\" data-widget_type=\"image.default\">\n\t\t\t\t<div class=\"elementor-widget-container\">\n\t\t\t\t\t\t\t\t\t\t\t\t\t<img fetchpriority=\"high\" decoding=\"async\" width=\"640\" height=\"419\" src=\"https:\/\/www.rascalindustry.pl\/wp-content\/uploads\/2020\/04\/Czapka-z-daszkiem-bia\u0142a.jpg\" class=\"attachment-large size-large wp-image-5080\" alt=\"\" srcset=\"https:\/\/www.rascalindustry.pl\/wp-content\/uploads\/2020\/04\/Czapka-z-daszkiem-bia\u0142a.jpg 844w, https:\/\/www.rascalindustry.pl\/wp-content\/uploads\/2020\/04\/Czapka-z-daszkiem-bia\u0142a-300x196.jpg 300w, https:\/\/www.rascalindustry.pl\/wp-content\/uploads\/2020\/04\/Czapka-z-daszkiem-bia\u0142a-150x98.jpg 150w, https:\/\/www.rascalindustry.pl\/wp-content\/uploads\/2020\/04\/Czapka-z-daszkiem-bia\u0142a-768x502.jpg 768w\" sizes=\"(max-width: 640px) 100vw, 640px\" \/>\t\t\t\t\t\t\t\t\t\t\t\t\t<\/div>\n\t\t\t\t<\/div>\n\t\t\t\t<div class=\"elementor-element elementor-element-29eba97 elementor-widget elementor-widget-image\" data-id=\"29eba97\" data-element_type=\"widget\" data-widget_type=\"image.default\">\n\t\t\t\t<div class=\"elementor-widget-container\">\n\t\t\t\t\t\t\t\t\t\t\t\t\t<img decoding=\"async\" width=\"640\" height=\"419\" src=\"https:\/\/www.rascalindustry.pl\/wp-content\/uploads\/2020\/04\/Czapka-z-daszkiem-szara.jpg\" class=\"attachment-large size-large wp-image-5078\" alt=\"\" srcset=\"https:\/\/www.rascalindustry.pl\/wp-content\/uploads\/2020\/04\/Czapka-z-daszkiem-szara.jpg 844w, https:\/\/www.rascalindustry.pl\/wp-content\/uploads\/2020\/04\/Czapka-z-daszkiem-szara-300x196.jpg 300w, https:\/\/www.rascalindustry.pl\/wp-content\/uploads\/2020\/04\/Czapka-z-daszkiem-szara-150x98.jpg 150w, https:\/\/www.rascalindustry.pl\/wp-content\/uploads\/2020\/04\/Czapka-z-daszkiem-szara-768x502.jpg 768w\" sizes=\"(max-width: 640px) 100vw, 640px\" \/>\t\t\t\t\t\t\t\t\t\t\t\t\t<\/div>\n\t\t\t\t<\/div>\n\t\t\t\t\t<\/div>\n\t\t<\/div>\n\t\t\t\t<div class=\"elementor-column elementor-col-50 elementor-top-column elementor-element elementor-element-730422c\" data-id=\"730422c\" data-element_type=\"column\">\n\t\t\t<div class=\"elementor-widget-wrap elementor-element-populated\">\n\t\t\t\t\t\t<div class=\"elementor-element elementor-element-5ebfc0f elementor-hidden-desktop elementor-hidden-tablet bullets-v-align-below elementor-widget elementor-widget-tm-image-carousel\" data-id=\"5ebfc0f\" data-element_type=\"widget\" data-widget_type=\"tm-image-carousel.default\">\n\t\t\t\t<div class=\"elementor-widget-container\">\n\t\t\t\t\t<div class=\"billey-swiper-wrapper\">\n\t\t\t\n\t\t<div class=\"tm-swiper tm-slider-widget nav-style-01 nav-show-always\" data-lg-items=\"1\" data-md-items=\"\" data-sm-items=\"\" data-lg-gutter=\"30\" data-md-gutter=\"\" data-sm-gutter=\"\" data-nav=\"1\" data-nav-aligned-by=\"slider\" data-loop=\"1\" data-simulate-touch=\"1\" data-speed=\"1000\" data-pause-on-hover=\"1\" data-effect=\"slide\">\n\t\t\t<div class=\"swiper-inner\">\n\n\t\t\t\t\n\t\t\t\t<div class=\"swiper-container\">\n\t\t\t\t\t<div class=\"swiper-wrapper\">\n\t\t\t\t\t\t\t\t\t<div class=\"swiper-slide\">\n\t\t\t\t<div class=\"image\">\n\t\t\t\t\t<img decoding=\"async\"  src=\"https:\/\/www.rascalindustry.pl\/wp-content\/uploads\/2020\/04\/Czapka-z-daszkiem-bia\u0142a.jpg\" alt=\"Czapka z daszkiem bia\u0142a\" \/>\t\t\t\t<\/div>\n\t\t\t<\/div>\n\t\t\t\t\t\t<div class=\"swiper-slide\">\n\t\t\t\t<div class=\"image\">\n\t\t\t\t\t<img decoding=\"async\"  src=\"https:\/\/www.rascalindustry.pl\/wp-content\/uploads\/2020\/04\/Czapka-z-daszkiem-szara.jpg\" alt=\"Czapka z daszkiem szara\" \/>\t\t\t\t<\/div>\n\t\t\t<\/div>\n\t\t\t\t\t\t<div class=\"swiper-slide\">\n\t\t\t\t<div class=\"image\">\n\t\t\t\t\t<img decoding=\"async\"  src=\"https:\/\/www.rascalindustry.pl\/wp-content\/uploads\/2020\/04\/spodnie-kolekcja-rascal-strona-czarne-kopia-1.png\" alt=\"spodnie_dresowe_Rascal-szycie_odzie\u017cy_na_zam\u00f3wienie\" \/>\t\t\t\t<\/div>\n\t\t\t<\/div>\n\t\t\t\t\t\t\t\t<\/div>\n\t\t\t\t<\/div>\n\n\t\t\t\t\n\t\t\t<\/div>\n\t\t<\/div>\n\t\t\t\t<\/div>\n\t\t\t\t<\/div>\n\t\t\t\t<\/div>\n\t\t\t\t<div class=\"elementor-element elementor-element-48ec7b7 elementor-widget elementor-widget-text-editor\" data-id=\"48ec7b7\" data-element_type=\"widget\" data-settings=\"{&quot;sticky&quot;:&quot;top&quot;,&quot;sticky_offset&quot;:120,&quot;sticky_parent&quot;:&quot;yes&quot;,&quot;sticky_on&quot;:[&quot;desktop&quot;,&quot;tablet&quot;,&quot;mobile&quot;],&quot;sticky_effects_offset&quot;:0}\" data-widget_type=\"text-editor.default\">\n\t\t\t\t<div class=\"elementor-widget-container\">\n\t\t\t\t\t\t\t<h2>Casquettes de baseball<\/h2><p style=\"text-align: justify;\">Un accessoire qui saura compl\u00e9ter votre look.<\/p><p><span style=\"color: #000000;\"><strong>Mat\u00e9riau:<\/strong><\/span> 100% coton<br \/><span style=\"color: #000000;\"><strong>Couleurs: <\/strong><\/span><span class=\"circle-color czerwony\" data-tooltip=\"Rouge\" data-tooltip-position=\"top\">.<\/span><span class=\"circle-color lososiowy\" data-tooltip=\"Saumon\" data-tooltip-position=\"top\">.<\/span><span class=\"circle-color jasnybez\" data-tooltip=\"Beige clair\" data-tooltip-position=\"top\">.<\/span><span class=\"circle-color intensywnybez\" data-tooltip=\"Taupe\" data-tooltip-position=\"top\">.<\/span><span class=\"circle-color niebieski\" data-tooltip=\"Bleu\" data-tooltip-position=\"top\">.<\/span><span class=\"circle-color granatowy\" data-tooltip=\"Bleu Marine\" data-tooltip-position=\"top\">.<\/span><span class=\"circle-color mietowy\" data-tooltip=\"Menthe\" data-tooltip-position=\"top\">.<\/span><span class=\"circle-color zolty\" data-tooltip=\"Jaune\" data-tooltip-position=\"top\">.<\/span><span class=\"circle-color pomaranczowy\" data-tooltip=\"Orange\" data-tooltip-position=\"top\">.<\/span><span class=\"circle-color pudrowyroz\" data-tooltip=\"Rose Poudr\u00e9\" data-tooltip-position=\"top\">.<\/span><span class=\"circle-color szary\" data-tooltip=\"Gris\" data-tooltip-position=\"top\">.<\/span><span class=\"circle-color zielony\" data-tooltip=\"Vert\" data-tooltip-position=\"top\">.<\/span><span class=\"circle-color butelkowazielen\" data-tooltip=\"Vert bouteille\" data-tooltip-position=\"top\">.<\/span><span class=\"circle-color burgund\" data-tooltip=\"Bordeaux\" data-tooltip-position=\"top\">.<\/span><span class=\"circle-color czarny\" data-tooltip=\"Noir\" data-tooltip-position=\"top\">.<\/span><br \/><span style=\"font-size: 13px; color: #888888; font-family: CerebriSans, sans-serif; letter-spacing: 0em;\">*Les couleurs pr\u00e9sentes ici sont disponibles pour des quantit\u00e9s minimums. Pour des quantit\u00e9s plus importantes, nous pouvons produire vos v\u00eatements du coloris de votre choix.<\/span><\/p><p><span style=\"color: #000000;\"><strong>Types d\u2019application du mod\u00e8le:<\/strong><\/span><br \/><span style=\"color: #000000;\">Impression:<\/span> Impression \u00e0 plat<br \/><span style=\"color: #000000;\">Broderie:<\/span> Broderie 3D, broderie par ordinateur.<\/p><p><span style=\"color: #000000;\"><strong>Quantit\u00e9 minimum par commande:<\/strong><\/span> 100 articles<br \/><span style=\"color: #000000;\"><strong>Temps de livraison:<\/strong><\/span> 4 semaines<\/p><div class=\"c-button-center\"><a class=\"c-btn\" href=\"https:\/\/www.rascalindustry.pl\/fr\/contact-fr\/\">Des questions \u00e0 propos du produit?<\/a><\/div>\t\t\t\t\t\t<\/div>\n\t\t\t\t<\/div>\n\t\t\t\t\t<\/div>\n\t\t<\/div>\n\t\t\t\t\t<\/div>\n\t\t<\/section>\n\t\t\t\t<section class=\"elementor-section elementor-top-section elementor-element elementor-element-8709332 elementor-section-boxed elementor-section-gap-beside-yes elementor-section-height-default elementor-section-height-default elementor-section-column-vertical-align-stretch\" data-id=\"8709332\" data-element_type=\"section\">\n\t\t\t\t\t\t<div class=\"elementor-container elementor-column-gap-extended\">\n\t\t\t\t\t<div class=\"elementor-column elementor-col-100 elementor-top-column elementor-element elementor-element-1bbb602\" data-id=\"1bbb602\" data-element_type=\"column\">\n\t\t\t<div class=\"elementor-widget-wrap elementor-element-populated\">\n\t\t\t\t\t\t<div class=\"elementor-element elementor-element-23177cf elementor-widget elementor-widget-spacer\" data-id=\"23177cf\" data-element_type=\"widget\" data-widget_type=\"spacer.default\">\n\t\t\t\t<div class=\"elementor-widget-container\">\n\t\t\t\t\t<div class=\"elementor-spacer\">\n\t\t\t<div class=\"elementor-spacer-inner\"><\/div>\n\t\t<\/div>\n\t\t\t\t<\/div>\n\t\t\t\t<\/div>\n\t\t\t\t\t<\/div>\n\t\t<\/div>\n\t\t\t\t\t<\/div>\n\t\t<\/section>\n\t\t\t\t<\/div>\n\t\t","protected":false},"excerpt":{"rendered":"<p>Nous produisons des v\u00eatements publicitaires Votre logo ou slogan publicitaire peut \u00eatre plac\u00e9 n\u2019importe o\u00f9 sur le v\u00eatement. Nous pouvons marquer chaque produit avec une \u00e9tiquette personnalis\u00e9e. Quel type de mod\u00e8le ou quelle couleur dois-je choisir? D\u00e9tendez-vous, nous sommes l\u00e0 pour vous, n\u2019h\u00e9sitez pas \u00e0 nous contacter. Casquettes de baseball Un accessoire qui saura compl\u00e9ter votre look. Mat\u00e9riau: 100% coton Couleurs: &#8230;&#8230;&#8230;&#8230;&#8230; *Les couleurs pr\u00e9sentes ici sont disponibles pour des quantit\u00e9s minimums. Pour des quantit\u00e9s plus importantes, nous pouvons produire vos v\u00eatements du coloris de votre choix. Types d\u2019application du mod\u00e8le: Impression: Impression \u00e0 plat Broderie: Broderie 3D, broderie par ordinateur. Quantit\u00e9 minimum par commande: 100 articles Temps de livraison: 4 semaines Des questions \u00e0 propos du produit?<\/p>","protected":false},"author":1,"featured_media":0,"parent":13539,"menu_order":0,"comment_status":"closed","ping_status":"closed","template":"","meta":{"inline_featured_image":false,"footnotes":""},"class_list":["post-9811","page","type-page","status-publish","hentry","post-no-thumbnail"],"yoast_head":"<!-- This site is optimized with the Yoast SEO plugin v25.6 - https:\/\/yoast.com\/wordpress\/plugins\/seo\/ -->\n<title>Casquettes de baseball - Rascal Industry<\/title>\n<meta name=\"robots\" content=\"index, follow, max-snippet:-1, max-image-preview:large, max-video-preview:-1\" \/>\n<link rel=\"canonical\" href=\"https:\/\/www.rascalindustry.pl\/fr\/casquettes\/casquettes-de-baseball\/\" \/>\n<meta property=\"og:locale\" content=\"fr_FR\" \/>\n<meta property=\"og:type\" content=\"article\" \/>\n<meta property=\"og:title\" content=\"Casquettes de baseball - Rascal Industry\" \/>\n<meta property=\"og:description\" content=\"Nous produisons des v\u00eatements publicitaires Votre logo ou slogan publicitaire peut \u00eatre plac\u00e9 n\u2019importe o\u00f9 sur le v\u00eatement. Nous pouvons marquer chaque produit avec une \u00e9tiquette personnalis\u00e9e. Quel type de mod\u00e8le ou quelle couleur dois-je choisir? D\u00e9tendez-vous, nous sommes l\u00e0 pour vous, n\u2019h\u00e9sitez pas \u00e0 nous contacter. Casquettes de baseball Un accessoire qui saura compl\u00e9ter votre look. Mat\u00e9riau: 100% coton Couleurs: &#8230;&#8230;&#8230;&#8230;&#8230; *Les couleurs pr\u00e9sentes ici sont disponibles pour des quantit\u00e9s minimums. Pour des quantit\u00e9s plus importantes, nous pouvons produire vos v\u00eatements du coloris de votre choix. Types d\u2019application du mod\u00e8le: Impression: Impression \u00e0 plat Broderie: Broderie 3D, broderie par ordinateur. Quantit\u00e9 minimum par commande: 100 articles Temps de livraison: 4 semaines Des questions \u00e0 propos du produit?\" \/>\n<meta property=\"og:url\" content=\"https:\/\/www.rascalindustry.pl\/fr\/casquettes\/casquettes-de-baseball\/\" \/>\n<meta property=\"og:site_name\" content=\"Rascal Industry\" \/>\n<meta property=\"article:publisher\" content=\"https:\/\/www.facebook.com\/RascalIndustry\/\" \/>\n<meta property=\"article:modified_time\" content=\"2022-02-11T12:51:22+00:00\" \/>\n<meta property=\"og:image\" content=\"https:\/\/www.rascalindustry.pl\/wp-content\/uploads\/2020\/04\/Czapka-z-daszkiem-bia\u0142a.jpg\" \/>\n<meta name=\"twitter:card\" content=\"summary_large_image\" \/>\n<meta name=\"twitter:label1\" content=\"Dur\u00e9e de lecture estim\u00e9e\" \/>\n\t<meta name=\"twitter:data1\" content=\"2 minutes\" \/>\n<script type=\"application\/ld+json\" class=\"yoast-schema-graph\">{\"@context\":\"https:\/\/schema.org\",\"@graph\":[{\"@type\":\"WebPage\",\"@id\":\"https:\/\/www.rascalindustry.pl\/fr\/casquettes\/casquettes-de-baseball\/\",\"url\":\"https:\/\/www.rascalindustry.pl\/fr\/casquettes\/casquettes-de-baseball\/\",\"name\":\"Casquettes de baseball - Rascal Industry\",\"isPartOf\":{\"@id\":\"https:\/\/www.rascalindustry.pl\/fr\/#website\"},\"primaryImageOfPage\":{\"@id\":\"https:\/\/www.rascalindustry.pl\/fr\/casquettes\/casquettes-de-baseball\/#primaryimage\"},\"image\":{\"@id\":\"https:\/\/www.rascalindustry.pl\/fr\/casquettes\/casquettes-de-baseball\/#primaryimage\"},\"thumbnailUrl\":\"https:\/\/www.rascalindustry.pl\/wp-content\/uploads\/2020\/04\/Czapka-z-daszkiem-szara.jpg\",\"datePublished\":\"2021-06-07T13:39:32+00:00\",\"dateModified\":\"2022-02-11T12:51:22+00:00\",\"breadcrumb\":{\"@id\":\"https:\/\/www.rascalindustry.pl\/fr\/casquettes\/casquettes-de-baseball\/#breadcrumb\"},\"inLanguage\":\"fr-FR\",\"potentialAction\":[{\"@type\":\"ReadAction\",\"target\":[\"https:\/\/www.rascalindustry.pl\/fr\/casquettes\/casquettes-de-baseball\/\"]}]},{\"@type\":\"ImageObject\",\"inLanguage\":\"fr-FR\",\"@id\":\"https:\/\/www.rascalindustry.pl\/fr\/casquettes\/casquettes-de-baseball\/#primaryimage\",\"url\":\"https:\/\/www.rascalindustry.pl\/wp-content\/uploads\/2020\/04\/Czapka-z-daszkiem-szara.jpg\",\"contentUrl\":\"https:\/\/www.rascalindustry.pl\/wp-content\/uploads\/2020\/04\/Czapka-z-daszkiem-szara.jpg\"},{\"@type\":\"BreadcrumbList\",\"@id\":\"https:\/\/www.rascalindustry.pl\/fr\/casquettes\/casquettes-de-baseball\/#breadcrumb\",\"itemListElement\":[{\"@type\":\"ListItem\",\"position\":1,\"name\":\"Strona g\u0142\u00f3wna\",\"item\":\"https:\/\/www.rascalindustry.pl\/fr\/\"},{\"@type\":\"ListItem\",\"position\":2,\"name\":\"Casquettes\",\"item\":\"https:\/\/www.rascalindustry.pl\/fr\/casquettes\/\"},{\"@type\":\"ListItem\",\"position\":3,\"name\":\"Casquettes de baseball\"}]},{\"@type\":\"WebSite\",\"@id\":\"https:\/\/www.rascalindustry.pl\/fr\/#website\",\"url\":\"https:\/\/www.rascalindustry.pl\/fr\/\",\"name\":\"Rascal Industry\",\"description\":\"\",\"publisher\":{\"@id\":\"https:\/\/www.rascalindustry.pl\/fr\/#organization\"},\"potentialAction\":[{\"@type\":\"SearchAction\",\"target\":{\"@type\":\"EntryPoint\",\"urlTemplate\":\"https:\/\/www.rascalindustry.pl\/fr\/?s={search_term_string}\"},\"query-input\":{\"@type\":\"PropertyValueSpecification\",\"valueRequired\":true,\"valueName\":\"search_term_string\"}}],\"inLanguage\":\"fr-FR\"},{\"@type\":\"Organization\",\"@id\":\"https:\/\/www.rascalindustry.pl\/fr\/#organization\",\"name\":\"Rascal Industry\",\"url\":\"https:\/\/www.rascalindustry.pl\/fr\/\",\"logo\":{\"@type\":\"ImageObject\",\"inLanguage\":\"fr-FR\",\"@id\":\"https:\/\/www.rascalindustry.pl\/fr\/#\/schema\/logo\/image\/\",\"url\":\"https:\/\/www.rascalindustry.pl\/wp-content\/uploads\/2020\/03\/LogoBlack.png\",\"contentUrl\":\"https:\/\/www.rascalindustry.pl\/wp-content\/uploads\/2020\/03\/LogoBlack.png\",\"width\":660,\"height\":233,\"caption\":\"Rascal Industry\"},\"image\":{\"@id\":\"https:\/\/www.rascalindustry.pl\/fr\/#\/schema\/logo\/image\/\"},\"sameAs\":[\"https:\/\/www.facebook.com\/RascalIndustry\/\",\"https:\/\/www.instagram.com\/rascalindustry\/?hl=pl\",\"https:\/\/www.linkedin.com\/company\/rascalspzoo\/\"]}]}<\/script>\n<!-- \/ Yoast SEO plugin. -->","yoast_head_json":{"title":"Casquettes de baseball - Rascal Industry","robots":{"index":"index","follow":"follow","max-snippet":"max-snippet:-1","max-image-preview":"max-image-preview:large","max-video-preview":"max-video-preview:-1"},"canonical":"https:\/\/www.rascalindustry.pl\/fr\/casquettes\/casquettes-de-baseball\/","og_locale":"fr_FR","og_type":"article","og_title":"Casquettes de baseball - Rascal Industry","og_description":"Nous produisons des v\u00eatements publicitaires Votre logo ou slogan publicitaire peut \u00eatre plac\u00e9 n\u2019importe o\u00f9 sur le v\u00eatement. Nous pouvons marquer chaque produit avec une \u00e9tiquette personnalis\u00e9e. Quel type de mod\u00e8le ou quelle couleur dois-je choisir? D\u00e9tendez-vous, nous sommes l\u00e0 pour vous, n\u2019h\u00e9sitez pas \u00e0 nous contacter. Casquettes de baseball Un accessoire qui saura compl\u00e9ter votre look. Mat\u00e9riau: 100% coton Couleurs: &#8230;&#8230;&#8230;&#8230;&#8230; *Les couleurs pr\u00e9sentes ici sont disponibles pour des quantit\u00e9s minimums. Pour des quantit\u00e9s plus importantes, nous pouvons produire vos v\u00eatements du coloris de votre choix. Types d\u2019application du mod\u00e8le: Impression: Impression \u00e0 plat Broderie: Broderie 3D, broderie par ordinateur. Quantit\u00e9 minimum par commande: 100 articles Temps de livraison: 4 semaines Des questions \u00e0 propos du produit?","og_url":"https:\/\/www.rascalindustry.pl\/fr\/casquettes\/casquettes-de-baseball\/","og_site_name":"Rascal Industry","article_publisher":"https:\/\/www.facebook.com\/RascalIndustry\/","article_modified_time":"2022-02-11T12:51:22+00:00","og_image":[{"url":"https:\/\/www.rascalindustry.pl\/wp-content\/uploads\/2020\/04\/Czapka-z-daszkiem-bia\u0142a.jpg","type":"","width":"","height":""}],"twitter_card":"summary_large_image","twitter_misc":{"Dur\u00e9e de lecture estim\u00e9e":"2 minutes"},"schema":{"@context":"https:\/\/schema.org","@graph":[{"@type":"WebPage","@id":"https:\/\/www.rascalindustry.pl\/fr\/casquettes\/casquettes-de-baseball\/","url":"https:\/\/www.rascalindustry.pl\/fr\/casquettes\/casquettes-de-baseball\/","name":"Casquettes de baseball - Rascal Industry","isPartOf":{"@id":"https:\/\/www.rascalindustry.pl\/fr\/#website"},"primaryImageOfPage":{"@id":"https:\/\/www.rascalindustry.pl\/fr\/casquettes\/casquettes-de-baseball\/#primaryimage"},"image":{"@id":"https:\/\/www.rascalindustry.pl\/fr\/casquettes\/casquettes-de-baseball\/#primaryimage"},"thumbnailUrl":"https:\/\/www.rascalindustry.pl\/wp-content\/uploads\/2020\/04\/Czapka-z-daszkiem-szara.jpg","datePublished":"2021-06-07T13:39:32+00:00","dateModified":"2022-02-11T12:51:22+00:00","breadcrumb":{"@id":"https:\/\/www.rascalindustry.pl\/fr\/casquettes\/casquettes-de-baseball\/#breadcrumb"},"inLanguage":"fr-FR","potentialAction":[{"@type":"ReadAction","target":["https:\/\/www.rascalindustry.pl\/fr\/casquettes\/casquettes-de-baseball\/"]}]},{"@type":"ImageObject","inLanguage":"fr-FR","@id":"https:\/\/www.rascalindustry.pl\/fr\/casquettes\/casquettes-de-baseball\/#primaryimage","url":"https:\/\/www.rascalindustry.pl\/wp-content\/uploads\/2020\/04\/Czapka-z-daszkiem-szara.jpg","contentUrl":"https:\/\/www.rascalindustry.pl\/wp-content\/uploads\/2020\/04\/Czapka-z-daszkiem-szara.jpg"},{"@type":"BreadcrumbList","@id":"https:\/\/www.rascalindustry.pl\/fr\/casquettes\/casquettes-de-baseball\/#breadcrumb","itemListElement":[{"@type":"ListItem","position":1,"name":"Strona g\u0142\u00f3wna","item":"https:\/\/www.rascalindustry.pl\/fr\/"},{"@type":"ListItem","position":2,"name":"Casquettes","item":"https:\/\/www.rascalindustry.pl\/fr\/casquettes\/"},{"@type":"ListItem","position":3,"name":"Casquettes de baseball"}]},{"@type":"WebSite","@id":"https:\/\/www.rascalindustry.pl\/fr\/#website","url":"https:\/\/www.rascalindustry.pl\/fr\/","name":"Rascal Industry","description":"","publisher":{"@id":"https:\/\/www.rascalindustry.pl\/fr\/#organization"},"potentialAction":[{"@type":"SearchAction","target":{"@type":"EntryPoint","urlTemplate":"https:\/\/www.rascalindustry.pl\/fr\/?s={search_term_string}"},"query-input":{"@type":"PropertyValueSpecification","valueRequired":true,"valueName":"search_term_string"}}],"inLanguage":"fr-FR"},{"@type":"Organization","@id":"https:\/\/www.rascalindustry.pl\/fr\/#organization","name":"Rascal Industry","url":"https:\/\/www.rascalindustry.pl\/fr\/","logo":{"@type":"ImageObject","inLanguage":"fr-FR","@id":"https:\/\/www.rascalindustry.pl\/fr\/#\/schema\/logo\/image\/","url":"https:\/\/www.rascalindustry.pl\/wp-content\/uploads\/2020\/03\/LogoBlack.png","contentUrl":"https:\/\/www.rascalindustry.pl\/wp-content\/uploads\/2020\/03\/LogoBlack.png","width":660,"height":233,"caption":"Rascal Industry"},"image":{"@id":"https:\/\/www.rascalindustry.pl\/fr\/#\/schema\/logo\/image\/"},"sameAs":["https:\/\/www.facebook.com\/RascalIndustry\/","https:\/\/www.instagram.com\/rascalindustry\/?hl=pl","https:\/\/www.linkedin.com\/company\/rascalspzoo\/"]}]}},"_links":{"self":[{"href":"https:\/\/www.rascalindustry.pl\/fr\/wp-json\/wp\/v2\/pages\/9811"}],"collection":[{"href":"https:\/\/www.rascalindustry.pl\/fr\/wp-json\/wp\/v2\/pages"}],"about":[{"href":"https:\/\/www.rascalindustry.pl\/fr\/wp-json\/wp\/v2\/types\/page"}],"author":[{"embeddable":true,"href":"https:\/\/www.rascalindustry.pl\/fr\/wp-json\/wp\/v2\/users\/1"}],"replies":[{"embeddable":true,"href":"https:\/\/www.rascalindustry.pl\/fr\/wp-json\/wp\/v2\/comments?post=9811"}],"version-history":[{"count":9,"href":"https:\/\/www.rascalindustry.pl\/fr\/wp-json\/wp\/v2\/pages\/9811\/revisions"}],"predecessor-version":[{"id":13545,"href":"https:\/\/www.rascalindustry.pl\/fr\/wp-json\/wp\/v2\/pages\/9811\/revisions\/13545"}],"up":[{"embeddable":true,"href":"https:\/\/www.rascalindustry.pl\/fr\/wp-json\/wp\/v2\/pages\/13539"}],"wp:attachment":[{"href":"https:\/\/www.rascalindustry.pl\/fr\/wp-json\/wp\/v2\/media?parent=9811"}],"curies":[{"name":"wp","href":"https:\/\/api.w.org\/{rel}","templated":true}]}}