{"id":13529,"date":"2022-02-11T13:46:12","date_gmt":"2022-02-11T12:46:12","guid":{"rendered":"https:\/\/www.rascalindustry.pl\/?page_id=13529"},"modified":"2022-02-11T13:48:02","modified_gmt":"2022-02-11T12:48:02","slug":"pantalons","status":"publish","type":"page","link":"https:\/\/www.rascalindustry.pl\/fr\/pantalons\/","title":{"rendered":"Pantalons"},"content":{"rendered":"<div data-elementor-type=\"wp-page\" data-elementor-id=\"13529\" class=\"elementor elementor-13529\" data-elementor-post-type=\"page\">\n\t\t\t\t\t\t<section class=\"elementor-section elementor-top-section elementor-element elementor-element-e5da875 elementor-section-stretched elementor-section-boxed elementor-section-gap-beside-yes elementor-section-height-default elementor-section-height-default elementor-section-column-vertical-align-stretch\" data-id=\"e5da875\" data-element_type=\"section\" data-settings=\"{&quot;stretch_section&quot;:&quot;section-stretched&quot;,&quot;background_background&quot;:&quot;classic&quot;}\">\n\t\t\t\t\t\t<div class=\"elementor-container elementor-column-gap-extended\">\n\t\t\t\t\t<div class=\"elementor-column elementor-col-100 elementor-top-column elementor-element elementor-element-8c177d2\" data-id=\"8c177d2\" data-element_type=\"column\">\n\t\t\t<div class=\"elementor-widget-wrap elementor-element-populated\">\n\t\t\t\t\t\t<div class=\"elementor-element elementor-element-438b325 elementor-widget elementor-widget-heading\" data-id=\"438b325\" data-element_type=\"widget\" data-widget_type=\"heading.default\">\n\t\t\t\t<div class=\"elementor-widget-container\">\n\t\t\t<h1 class=\"elementor-heading-title elementor-size-xl\">Pantalons de surv\u00eatement pour votre marque<\/h1>\t\t<\/div>\n\t\t\t\t<\/div>\n\t\t\t\t\t<\/div>\n\t\t<\/div>\n\t\t\t\t\t<\/div>\n\t\t<\/section>\n\t\t\t\t<section class=\"elementor-section elementor-top-section elementor-element elementor-element-2fca40b elementor-section-stretched elementor-section-boxed elementor-section-gap-beside-yes elementor-section-height-default elementor-section-height-default elementor-section-column-vertical-align-stretch\" data-id=\"2fca40b\" data-element_type=\"section\" data-settings=\"{&quot;stretch_section&quot;:&quot;section-stretched&quot;,&quot;background_background&quot;:&quot;classic&quot;}\">\n\t\t\t\t\t\t<div class=\"elementor-container elementor-column-gap-extended\">\n\t\t\t\t\t<div class=\"elementor-column elementor-col-100 elementor-top-column elementor-element elementor-element-40b6a0d\" data-id=\"40b6a0d\" data-element_type=\"column\">\n\t\t\t<div class=\"elementor-widget-wrap elementor-element-populated\">\n\t\t\t\t\t\t<div class=\"elementor-element elementor-element-a38ad6e elementor-widget elementor-widget-text-editor\" data-id=\"a38ad6e\" data-element_type=\"widget\" data-widget_type=\"text-editor.default\">\n\t\t\t\t<div class=\"elementor-widget-container\">\n\t\t\t\t\t\t\t<p style=\"text-align: center;\"><span style=\"color: #9f9f9f; font-size: 16px;\">PROFITEZ DE MOD\u00c8LES PR\u00caTS \u00c0 L\u2019EMPLOI.<\/span><\/p>\t\t\t\t\t\t<\/div>\n\t\t\t\t<\/div>\n\t\t\t\t<div class=\"elementor-element elementor-element-e9d3cbb elementor-widget elementor-widget-text-editor\" data-id=\"e9d3cbb\" data-element_type=\"widget\" data-widget_type=\"text-editor.default\">\n\t\t\t\t<div class=\"elementor-widget-container\">\n\t\t\t\t\t\t\t<p style=\"text-align: center;\">Utilisez des mod\u00e8les pr\u00eats \u00e0 l&#8217;emploi ou concevez votre propre coupe avec nous !<\/p>\t\t\t\t\t\t<\/div>\n\t\t\t\t<\/div>\n\t\t\t\t\t<\/div>\n\t\t<\/div>\n\t\t\t\t\t<\/div>\n\t\t<\/section>\n\t\t\t\t<section class=\"elementor-section elementor-top-section elementor-element elementor-element-96e909a elementor-section-boxed elementor-section-gap-beside-yes elementor-section-height-default elementor-section-height-default elementor-section-column-vertical-align-stretch\" data-id=\"96e909a\" data-element_type=\"section\">\n\t\t\t\t\t\t<div class=\"elementor-container elementor-column-gap-extended\">\n\t\t\t\t\t<div class=\"elementor-column elementor-col-100 elementor-top-column elementor-element elementor-element-0f0c521\" data-id=\"0f0c521\" data-element_type=\"column\">\n\t\t\t<div class=\"elementor-widget-wrap elementor-element-populated\">\n\t\t\t\t\t\t<div class=\"elementor-element elementor-element-71abf5d elementor-widget elementor-widget-spacer\" data-id=\"71abf5d\" data-element_type=\"widget\" data-widget_type=\"spacer.default\">\n\t\t\t\t<div class=\"elementor-widget-container\">\n\t\t\t\t\t<div class=\"elementor-spacer\">\n\t\t\t<div class=\"elementor-spacer-inner\"><\/div>\n\t\t<\/div>\n\t\t\t\t<\/div>\n\t\t\t\t<\/div>\n\t\t\t\t\t<\/div>\n\t\t<\/div>\n\t\t\t\t\t<\/div>\n\t\t<\/section>\n\t\t\t\t<section class=\"elementor-section elementor-top-section elementor-element elementor-element-2f84899 elementor-section-boxed elementor-section-gap-beside-yes elementor-section-height-default elementor-section-height-default elementor-section-column-vertical-align-stretch\" data-id=\"2f84899\" data-element_type=\"section\">\n\t\t\t\t\t\t<div class=\"elementor-container elementor-column-gap-wider\">\n\t\t\t\t\t<div class=\"elementor-column elementor-col-33 elementor-top-column elementor-element elementor-element-5f502fe\" data-id=\"5f502fe\" data-element_type=\"column\">\n\t\t\t<div class=\"elementor-widget-wrap elementor-element-populated\">\n\t\t\t\t\t\t<div class=\"elementor-element elementor-element-55d587d elementor-widget elementor-widget-image\" data-id=\"55d587d\" data-element_type=\"widget\" data-widget_type=\"image.default\">\n\t\t\t\t<div class=\"elementor-widget-container\">\n\t\t\t\t\t\t\t\t\t\t\t\t\t\t<a href=\"https:\/\/www.rascalindustry.pl\/fr\/pantalons\/pantalons-de-survetement\/\">\n\t\t\t\t\t\t\t<img fetchpriority=\"high\" decoding=\"async\" width=\"1374\" height=\"1374\" src=\"https:\/\/www.rascalindustry.pl\/wp-content\/uploads\/2021\/12\/spodnie-dresowe-czarne-1.png\" class=\"attachment-full size-full wp-image-11076\" alt=\"\" srcset=\"https:\/\/www.rascalindustry.pl\/wp-content\/uploads\/2021\/12\/spodnie-dresowe-czarne-1.png 1374w, https:\/\/www.rascalindustry.pl\/wp-content\/uploads\/2021\/12\/spodnie-dresowe-czarne-1-300x300.png 300w, https:\/\/www.rascalindustry.pl\/wp-content\/uploads\/2021\/12\/spodnie-dresowe-czarne-1-1024x1024.png 1024w, https:\/\/www.rascalindustry.pl\/wp-content\/uploads\/2021\/12\/spodnie-dresowe-czarne-1-150x150.png 150w, https:\/\/www.rascalindustry.pl\/wp-content\/uploads\/2021\/12\/spodnie-dresowe-czarne-1-768x768.png 768w, https:\/\/www.rascalindustry.pl\/wp-content\/uploads\/2021\/12\/spodnie-dresowe-czarne-1-12x12.png 12w\" sizes=\"(max-width: 1374px) 100vw, 1374px\" \/>\t\t\t\t\t\t\t\t<\/a>\n\t\t\t\t\t\t\t\t\t\t\t\t\t<\/div>\n\t\t\t\t<\/div>\n\t\t\t\t<div class=\"elementor-element elementor-element-36a84c4 elementor-widget elementor-widget-heading\" data-id=\"36a84c4\" data-element_type=\"widget\" data-widget_type=\"heading.default\">\n\t\t\t\t<div class=\"elementor-widget-container\">\n\t\t\t<h3 class=\"elementor-heading-title elementor-size-default\"><a href=\"https:\/\/www.rascalindustry.pl\/fr\/pantalons\/pantalons-de-survetement\/\">Pantalons de surv\u00eatement<\/a><\/h3>\t\t<\/div>\n\t\t\t\t<\/div>\n\t\t\t\t\t<\/div>\n\t\t<\/div>\n\t\t\t\t<div class=\"elementor-column elementor-col-33 elementor-top-column elementor-element elementor-element-e82b9d3\" data-id=\"e82b9d3\" data-element_type=\"column\">\n\t\t\t<div class=\"elementor-widget-wrap\">\n\t\t\t\t\t\t\t<\/div>\n\t\t<\/div>\n\t\t\t\t<div class=\"elementor-column elementor-col-33 elementor-top-column elementor-element elementor-element-dc5f8ad\" data-id=\"dc5f8ad\" data-element_type=\"column\">\n\t\t\t<div class=\"elementor-widget-wrap\">\n\t\t\t\t\t\t\t<\/div>\n\t\t<\/div>\n\t\t\t\t\t<\/div>\n\t\t<\/section>\n\t\t\t\t<section class=\"elementor-section elementor-top-section elementor-element elementor-element-700b115 elementor-section-boxed elementor-section-gap-beside-yes elementor-section-height-default elementor-section-height-default elementor-section-column-vertical-align-stretch\" data-id=\"700b115\" data-element_type=\"section\">\n\t\t\t\t\t\t<div class=\"elementor-container elementor-column-gap-extended\">\n\t\t\t\t\t<div class=\"elementor-column elementor-col-100 elementor-top-column elementor-element elementor-element-7c52637\" data-id=\"7c52637\" data-element_type=\"column\">\n\t\t\t<div class=\"elementor-widget-wrap elementor-element-populated\">\n\t\t\t\t\t\t<div class=\"elementor-element elementor-element-669886d elementor-widget elementor-widget-spacer\" data-id=\"669886d\" data-element_type=\"widget\" data-widget_type=\"spacer.default\">\n\t\t\t\t<div class=\"elementor-widget-container\">\n\t\t\t\t\t<div class=\"elementor-spacer\">\n\t\t\t<div class=\"elementor-spacer-inner\"><\/div>\n\t\t<\/div>\n\t\t\t\t<\/div>\n\t\t\t\t<\/div>\n\t\t\t\t\t<\/div>\n\t\t<\/div>\n\t\t\t\t\t<\/div>\n\t\t<\/section>\n\t\t\t\t<section class=\"elementor-section elementor-top-section elementor-element elementor-element-7bef05e elementor-section-boxed elementor-section-gap-beside-yes elementor-section-height-default elementor-section-height-default elementor-section-column-vertical-align-stretch\" data-id=\"7bef05e\" data-element_type=\"section\" data-settings=\"{&quot;background_background&quot;:&quot;classic&quot;}\">\n\t\t\t\t\t\t<div class=\"elementor-container elementor-column-gap-extended\">\n\t\t\t\t\t<div class=\"elementor-column elementor-col-100 elementor-top-column elementor-element elementor-element-e75ef26\" data-id=\"e75ef26\" data-element_type=\"column\" data-settings=\"{&quot;background_background&quot;:&quot;classic&quot;}\">\n\t\t\t<div class=\"elementor-widget-wrap elementor-element-populated\">\n\t\t\t\t\t\t<div class=\"elementor-element elementor-element-5d49bd6 elementor-widget elementor-widget-text-editor\" data-id=\"5d49bd6\" data-element_type=\"widget\" data-widget_type=\"text-editor.default\">\n\t\t\t\t<div class=\"elementor-widget-container\">\n\t\t\t\t\t\t\tVous \u00eates int\u00e9ress\u00e9 par une coop\u00e9ration ?\t\t\t\t\t\t<\/div>\n\t\t\t\t<\/div>\n\t\t\t\t<section class=\"elementor-section elementor-inner-section elementor-element elementor-element-6d38664 elementor-section-boxed elementor-section-gap-beside-yes elementor-section-height-default elementor-section-height-default elementor-section-column-vertical-align-stretch\" data-id=\"6d38664\" data-element_type=\"section\">\n\t\t\t\t\t\t<div class=\"elementor-container elementor-column-gap-extended\">\n\t\t\t\t\t<div class=\"elementor-column elementor-col-33 elementor-inner-column elementor-element elementor-element-5ec11b1 elementor-hidden-phone\" data-id=\"5ec11b1\" data-element_type=\"column\">\n\t\t\t<div class=\"elementor-widget-wrap\">\n\t\t\t\t\t\t\t<\/div>\n\t\t<\/div>\n\t\t\t\t<div class=\"elementor-column elementor-col-33 elementor-inner-column elementor-element elementor-element-2e6bc03\" data-id=\"2e6bc03\" data-element_type=\"column\">\n\t\t\t<div class=\"elementor-widget-wrap elementor-element-populated\">\n\t\t\t\t\t\t<div class=\"elementor-element elementor-element-12a3060 elementor-widget elementor-widget-text-editor\" data-id=\"12a3060\" data-element_type=\"widget\" data-widget_type=\"text-editor.default\">\n\t\t\t\t<div class=\"elementor-widget-container\">\n\t\t\t\t\t\t\tNous nous occupons de la production compl\u00e8te de v\u00eatements. Nous menons tout le processus de cr\u00e9ation d\u2019une collection \u2013 de la conception des v\u00eatements et de la pr\u00e9paration des structures et des prototypes, en passant par le conseil aux achats et l\u2019assistance au choix des mat\u00e9riaux, jusqu\u2019\u00e0 la s\u00e9lection et la mise en \u0153uvre des m\u00e9thodes de d\u00e9coration, ainsi que des accessoires, tels que les \u00e9tiquettes.\t\t\t\t\t\t<\/div>\n\t\t\t\t<\/div>\n\t\t\t\t\t<\/div>\n\t\t<\/div>\n\t\t\t\t<div class=\"elementor-column elementor-col-33 elementor-inner-column elementor-element elementor-element-96fcf25 elementor-hidden-phone\" data-id=\"96fcf25\" data-element_type=\"column\">\n\t\t\t<div class=\"elementor-widget-wrap\">\n\t\t\t\t\t\t\t<\/div>\n\t\t<\/div>\n\t\t\t\t\t<\/div>\n\t\t<\/section>\n\t\t\t\t<div class=\"elementor-element elementor-element-daf2bdb elementor-align-center elementor-widget elementor-widget-button\" data-id=\"daf2bdb\" data-element_type=\"widget\" data-widget_type=\"button.default\">\n\t\t\t\t<div class=\"elementor-widget-container\">\n\t\t\t\t\t<div class=\"elementor-button-wrapper\">\n\t\t\t<a class=\"elementor-button elementor-button-link elementor-size-lg\" href=\"https:\/\/www.rascalindustry.pl\/fr\/contact-fr\/\">\n\t\t\t\t\t\t<span class=\"elementor-button-content-wrapper\">\n\t\t\t\t\t\t\t\t\t<span class=\"elementor-button-text\">Demandez un produit non inclus dans l'offre. <\/span>\n\t\t\t\t\t<\/span>\n\t\t\t\t\t<\/a>\n\t\t<\/div>\n\t\t\t\t<\/div>\n\t\t\t\t<\/div>\n\t\t\t\t\t<\/div>\n\t\t<\/div>\n\t\t\t\t\t<\/div>\n\t\t<\/section>\n\t\t\t\t<\/div>","protected":false},"excerpt":{"rendered":"<p>Pantalons de surv\u00eatement pour votre marque PROFITEZ DE MOD\u00c8LES PR\u00caTS \u00c0 L\u2019EMPLOI. Utilisez des mod\u00e8les pr\u00eats \u00e0 l&#8217;emploi ou concevez votre propre coupe avec nous ! Pantalons de surv\u00eatement Vous \u00eates int\u00e9ress\u00e9 par une coop\u00e9ration ?Nous nous occupons de la production compl\u00e8te de v\u00eatements. Nous menons tout le processus de cr\u00e9ation d\u2019une collection \u2013 de la conception des v\u00eatements et de la pr\u00e9paration des structures et des prototypes, en passant par le conseil aux achats et l\u2019assistance au choix des mat\u00e9riaux, jusqu\u2019\u00e0 la s\u00e9lection et la mise en \u0153uvre des m\u00e9thodes de d\u00e9coration, ainsi que des accessoires, tels que les \u00e9tiquettes. Demandez un produit non inclus dans l&#8217;offre.<\/p>","protected":false},"author":1,"featured_media":0,"parent":0,"menu_order":0,"comment_status":"closed","ping_status":"closed","template":"","meta":{"inline_featured_image":false,"footnotes":""},"class_list":["post-13529","page","type-page","status-publish","hentry","post-no-thumbnail"],"yoast_head":"<!-- This site is optimized with the Yoast SEO plugin v25.6 - https:\/\/yoast.com\/wordpress\/plugins\/seo\/ -->\n<title>Pantalons - Rascal Industry<\/title>\n<meta name=\"robots\" content=\"index, follow, max-snippet:-1, max-image-preview:large, max-video-preview:-1\" \/>\n<link rel=\"canonical\" href=\"https:\/\/www.rascalindustry.pl\/fr\/pantalons\/\" \/>\n<meta property=\"og:locale\" content=\"fr_FR\" \/>\n<meta property=\"og:type\" content=\"article\" \/>\n<meta property=\"og:title\" content=\"Pantalons - Rascal Industry\" \/>\n<meta property=\"og:description\" content=\"Pantalons de surv\u00eatement pour votre marque PROFITEZ DE MOD\u00c8LES PR\u00caTS \u00c0 L\u2019EMPLOI. Utilisez des mod\u00e8les pr\u00eats \u00e0 l&#8217;emploi ou concevez votre propre coupe avec nous ! Pantalons de surv\u00eatement Vous \u00eates int\u00e9ress\u00e9 par une coop\u00e9ration ?Nous nous occupons de la production compl\u00e8te de v\u00eatements. Nous menons tout le processus de cr\u00e9ation d\u2019une collection \u2013 de la conception des v\u00eatements et de la pr\u00e9paration des structures et des prototypes, en passant par le conseil aux achats et l\u2019assistance au choix des mat\u00e9riaux, jusqu\u2019\u00e0 la s\u00e9lection et la mise en \u0153uvre des m\u00e9thodes de d\u00e9coration, ainsi que des accessoires, tels que les \u00e9tiquettes. Demandez un produit non inclus dans l&#8217;offre.\" \/>\n<meta property=\"og:url\" content=\"https:\/\/www.rascalindustry.pl\/fr\/pantalons\/\" \/>\n<meta property=\"og:site_name\" content=\"Rascal Industry\" \/>\n<meta property=\"article:publisher\" content=\"https:\/\/www.facebook.com\/RascalIndustry\/\" \/>\n<meta property=\"article:modified_time\" content=\"2022-02-11T12:48:02+00:00\" \/>\n<meta property=\"og:image\" content=\"https:\/\/www.rascalindustry.pl\/wp-content\/uploads\/2021\/12\/spodnie-dresowe-czarne-1.png\" \/>\n<meta name=\"twitter:card\" content=\"summary_large_image\" \/>\n<meta name=\"twitter:label1\" content=\"Dur\u00e9e de lecture estim\u00e9e\" \/>\n\t<meta name=\"twitter:data1\" content=\"1 minute\" \/>\n<script type=\"application\/ld+json\" class=\"yoast-schema-graph\">{\"@context\":\"https:\/\/schema.org\",\"@graph\":[{\"@type\":\"WebPage\",\"@id\":\"https:\/\/www.rascalindustry.pl\/fr\/pantalons\/\",\"url\":\"https:\/\/www.rascalindustry.pl\/fr\/pantalons\/\",\"name\":\"Pantalons - Rascal Industry\",\"isPartOf\":{\"@id\":\"https:\/\/www.rascalindustry.pl\/fr\/#website\"},\"primaryImageOfPage\":{\"@id\":\"https:\/\/www.rascalindustry.pl\/fr\/pantalons\/#primaryimage\"},\"image\":{\"@id\":\"https:\/\/www.rascalindustry.pl\/fr\/pantalons\/#primaryimage\"},\"thumbnailUrl\":\"https:\/\/www.rascalindustry.pl\/wp-content\/uploads\/2021\/12\/spodnie-dresowe-czarne-1.png\",\"datePublished\":\"2022-02-11T12:46:12+00:00\",\"dateModified\":\"2022-02-11T12:48:02+00:00\",\"breadcrumb\":{\"@id\":\"https:\/\/www.rascalindustry.pl\/fr\/pantalons\/#breadcrumb\"},\"inLanguage\":\"fr-FR\",\"potentialAction\":[{\"@type\":\"ReadAction\",\"target\":[\"https:\/\/www.rascalindustry.pl\/fr\/pantalons\/\"]}]},{\"@type\":\"ImageObject\",\"inLanguage\":\"fr-FR\",\"@id\":\"https:\/\/www.rascalindustry.pl\/fr\/pantalons\/#primaryimage\",\"url\":\"https:\/\/www.rascalindustry.pl\/wp-content\/uploads\/2021\/12\/spodnie-dresowe-czarne-1.png\",\"contentUrl\":\"https:\/\/www.rascalindustry.pl\/wp-content\/uploads\/2021\/12\/spodnie-dresowe-czarne-1.png\"},{\"@type\":\"BreadcrumbList\",\"@id\":\"https:\/\/www.rascalindustry.pl\/fr\/pantalons\/#breadcrumb\",\"itemListElement\":[{\"@type\":\"ListItem\",\"position\":1,\"name\":\"Strona g\u0142\u00f3wna\",\"item\":\"https:\/\/www.rascalindustry.pl\/fr\/\"},{\"@type\":\"ListItem\",\"position\":2,\"name\":\"Pantalons\"}]},{\"@type\":\"WebSite\",\"@id\":\"https:\/\/www.rascalindustry.pl\/fr\/#website\",\"url\":\"https:\/\/www.rascalindustry.pl\/fr\/\",\"name\":\"Rascal Industry\",\"description\":\"\",\"publisher\":{\"@id\":\"https:\/\/www.rascalindustry.pl\/fr\/#organization\"},\"potentialAction\":[{\"@type\":\"SearchAction\",\"target\":{\"@type\":\"EntryPoint\",\"urlTemplate\":\"https:\/\/www.rascalindustry.pl\/fr\/?s={search_term_string}\"},\"query-input\":{\"@type\":\"PropertyValueSpecification\",\"valueRequired\":true,\"valueName\":\"search_term_string\"}}],\"inLanguage\":\"fr-FR\"},{\"@type\":\"Organization\",\"@id\":\"https:\/\/www.rascalindustry.pl\/fr\/#organization\",\"name\":\"Rascal Industry\",\"url\":\"https:\/\/www.rascalindustry.pl\/fr\/\",\"logo\":{\"@type\":\"ImageObject\",\"inLanguage\":\"fr-FR\",\"@id\":\"https:\/\/www.rascalindustry.pl\/fr\/#\/schema\/logo\/image\/\",\"url\":\"https:\/\/www.rascalindustry.pl\/wp-content\/uploads\/2020\/03\/LogoBlack.png\",\"contentUrl\":\"https:\/\/www.rascalindustry.pl\/wp-content\/uploads\/2020\/03\/LogoBlack.png\",\"width\":660,\"height\":233,\"caption\":\"Rascal Industry\"},\"image\":{\"@id\":\"https:\/\/www.rascalindustry.pl\/fr\/#\/schema\/logo\/image\/\"},\"sameAs\":[\"https:\/\/www.facebook.com\/RascalIndustry\/\",\"https:\/\/www.instagram.com\/rascalindustry\/?hl=pl\",\"https:\/\/www.linkedin.com\/company\/rascalspzoo\/\"]}]}<\/script>\n<!-- \/ Yoast SEO plugin. -->","yoast_head_json":{"title":"Pantalons - Rascal Industry","robots":{"index":"index","follow":"follow","max-snippet":"max-snippet:-1","max-image-preview":"max-image-preview:large","max-video-preview":"max-video-preview:-1"},"canonical":"https:\/\/www.rascalindustry.pl\/fr\/pantalons\/","og_locale":"fr_FR","og_type":"article","og_title":"Pantalons - Rascal Industry","og_description":"Pantalons de surv\u00eatement pour votre marque PROFITEZ DE MOD\u00c8LES PR\u00caTS \u00c0 L\u2019EMPLOI. Utilisez des mod\u00e8les pr\u00eats \u00e0 l&#8217;emploi ou concevez votre propre coupe avec nous ! Pantalons de surv\u00eatement Vous \u00eates int\u00e9ress\u00e9 par une coop\u00e9ration ?Nous nous occupons de la production compl\u00e8te de v\u00eatements. Nous menons tout le processus de cr\u00e9ation d\u2019une collection \u2013 de la conception des v\u00eatements et de la pr\u00e9paration des structures et des prototypes, en passant par le conseil aux achats et l\u2019assistance au choix des mat\u00e9riaux, jusqu\u2019\u00e0 la s\u00e9lection et la mise en \u0153uvre des m\u00e9thodes de d\u00e9coration, ainsi que des accessoires, tels que les \u00e9tiquettes. Demandez un produit non inclus dans l&#8217;offre.","og_url":"https:\/\/www.rascalindustry.pl\/fr\/pantalons\/","og_site_name":"Rascal Industry","article_publisher":"https:\/\/www.facebook.com\/RascalIndustry\/","article_modified_time":"2022-02-11T12:48:02+00:00","og_image":[{"url":"https:\/\/www.rascalindustry.pl\/wp-content\/uploads\/2021\/12\/spodnie-dresowe-czarne-1.png","type":"","width":"","height":""}],"twitter_card":"summary_large_image","twitter_misc":{"Dur\u00e9e de lecture estim\u00e9e":"1 minute"},"schema":{"@context":"https:\/\/schema.org","@graph":[{"@type":"WebPage","@id":"https:\/\/www.rascalindustry.pl\/fr\/pantalons\/","url":"https:\/\/www.rascalindustry.pl\/fr\/pantalons\/","name":"Pantalons - Rascal Industry","isPartOf":{"@id":"https:\/\/www.rascalindustry.pl\/fr\/#website"},"primaryImageOfPage":{"@id":"https:\/\/www.rascalindustry.pl\/fr\/pantalons\/#primaryimage"},"image":{"@id":"https:\/\/www.rascalindustry.pl\/fr\/pantalons\/#primaryimage"},"thumbnailUrl":"https:\/\/www.rascalindustry.pl\/wp-content\/uploads\/2021\/12\/spodnie-dresowe-czarne-1.png","datePublished":"2022-02-11T12:46:12+00:00","dateModified":"2022-02-11T12:48:02+00:00","breadcrumb":{"@id":"https:\/\/www.rascalindustry.pl\/fr\/pantalons\/#breadcrumb"},"inLanguage":"fr-FR","potentialAction":[{"@type":"ReadAction","target":["https:\/\/www.rascalindustry.pl\/fr\/pantalons\/"]}]},{"@type":"ImageObject","inLanguage":"fr-FR","@id":"https:\/\/www.rascalindustry.pl\/fr\/pantalons\/#primaryimage","url":"https:\/\/www.rascalindustry.pl\/wp-content\/uploads\/2021\/12\/spodnie-dresowe-czarne-1.png","contentUrl":"https:\/\/www.rascalindustry.pl\/wp-content\/uploads\/2021\/12\/spodnie-dresowe-czarne-1.png"},{"@type":"BreadcrumbList","@id":"https:\/\/www.rascalindustry.pl\/fr\/pantalons\/#breadcrumb","itemListElement":[{"@type":"ListItem","position":1,"name":"Strona g\u0142\u00f3wna","item":"https:\/\/www.rascalindustry.pl\/fr\/"},{"@type":"ListItem","position":2,"name":"Pantalons"}]},{"@type":"WebSite","@id":"https:\/\/www.rascalindustry.pl\/fr\/#website","url":"https:\/\/www.rascalindustry.pl\/fr\/","name":"Rascal Industry","description":"","publisher":{"@id":"https:\/\/www.rascalindustry.pl\/fr\/#organization"},"potentialAction":[{"@type":"SearchAction","target":{"@type":"EntryPoint","urlTemplate":"https:\/\/www.rascalindustry.pl\/fr\/?s={search_term_string}"},"query-input":{"@type":"PropertyValueSpecification","valueRequired":true,"valueName":"search_term_string"}}],"inLanguage":"fr-FR"},{"@type":"Organization","@id":"https:\/\/www.rascalindustry.pl\/fr\/#organization","name":"Rascal Industry","url":"https:\/\/www.rascalindustry.pl\/fr\/","logo":{"@type":"ImageObject","inLanguage":"fr-FR","@id":"https:\/\/www.rascalindustry.pl\/fr\/#\/schema\/logo\/image\/","url":"https:\/\/www.rascalindustry.pl\/wp-content\/uploads\/2020\/03\/LogoBlack.png","contentUrl":"https:\/\/www.rascalindustry.pl\/wp-content\/uploads\/2020\/03\/LogoBlack.png","width":660,"height":233,"caption":"Rascal Industry"},"image":{"@id":"https:\/\/www.rascalindustry.pl\/fr\/#\/schema\/logo\/image\/"},"sameAs":["https:\/\/www.facebook.com\/RascalIndustry\/","https:\/\/www.instagram.com\/rascalindustry\/?hl=pl","https:\/\/www.linkedin.com\/company\/rascalspzoo\/"]}]}},"_links":{"self":[{"href":"https:\/\/www.rascalindustry.pl\/fr\/wp-json\/wp\/v2\/pages\/13529"}],"collection":[{"href":"https:\/\/www.rascalindustry.pl\/fr\/wp-json\/wp\/v2\/pages"}],"about":[{"href":"https:\/\/www.rascalindustry.pl\/fr\/wp-json\/wp\/v2\/types\/page"}],"author":[{"embeddable":true,"href":"https:\/\/www.rascalindustry.pl\/fr\/wp-json\/wp\/v2\/users\/1"}],"replies":[{"embeddable":true,"href":"https:\/\/www.rascalindustry.pl\/fr\/wp-json\/wp\/v2\/comments?post=13529"}],"version-history":[{"count":8,"href":"https:\/\/www.rascalindustry.pl\/fr\/wp-json\/wp\/v2\/pages\/13529\/revisions"}],"predecessor-version":[{"id":13538,"href":"https:\/\/www.rascalindustry.pl\/fr\/wp-json\/wp\/v2\/pages\/13529\/revisions\/13538"}],"wp:attachment":[{"href":"https:\/\/www.rascalindustry.pl\/fr\/wp-json\/wp\/v2\/media?parent=13529"}],"curies":[{"name":"wp","href":"https:\/\/api.w.org\/{rel}","templated":true}]}}