{"id":7647,"date":"2020-10-14T11:49:55","date_gmt":"2020-10-14T09:49:55","guid":{"rendered":"https:\/\/www.rascalindustry.pl\/?page_id=7647"},"modified":"2020-10-14T11:50:50","modified_gmt":"2020-10-14T09:50:50","slug":"dankeschon","status":"publish","type":"page","link":"https:\/\/www.rascalindustry.pl\/de\/dankeschon\/","title":{"rendered":"Dankesch\u00f6n!"},"content":{"rendered":"<div data-elementor-type=\"wp-page\" data-elementor-id=\"7647\" class=\"elementor elementor-7647\" data-elementor-post-type=\"page\">\n\t\t\t\t\t\t<section class=\"elementor-section elementor-top-section elementor-element elementor-element-65ccaf3 elementor-section-boxed elementor-section-gap-beside-yes elementor-section-height-default elementor-section-height-default elementor-section-column-vertical-align-stretch\" data-id=\"65ccaf3\" data-element_type=\"section\">\n\t\t\t\t\t\t<div class=\"elementor-container elementor-column-gap-extended\">\n\t\t\t\t\t<div class=\"elementor-column elementor-col-100 elementor-top-column elementor-element elementor-element-ed8811f\" data-id=\"ed8811f\" data-element_type=\"column\">\n\t\t\t<div class=\"elementor-widget-wrap elementor-element-populated\">\n\t\t\t\t\t\t<div class=\"elementor-element elementor-element-f4fe88f elementor-widget elementor-widget-text-editor\" data-id=\"f4fe88f\" data-element_type=\"widget\" data-widget_type=\"text-editor.default\">\n\t\t\t\t<div class=\"elementor-widget-container\">\n\t\t\t\t\t\t\t<h4 style=\"text-align: center;\"><span style=\"color: #000000;\"><strong>Vielen Dank f\u00fcr Ihre Anfrage zu senden.<\/strong><\/span><br \/>Ihr Bericht wurde an die zust\u00e4ndige Abteilung weitergeleitet.<\/h4><p style=\"text-align: center;\"><a href=\"\/de\/\">Zur\u00fcck<\/a><\/p>\t\t\t\t\t\t<\/div>\n\t\t\t\t<\/div>\n\t\t\t\t\t<\/div>\n\t\t<\/div>\n\t\t\t\t\t<\/div>\n\t\t<\/section>\n\t\t\t\t<\/div>","protected":false},"excerpt":{"rendered":"<p>Vielen Dank f\u00fcr Ihre Anfrage zu senden.Ihr Bericht wurde an die zust\u00e4ndige Abteilung weitergeleitet. Zur\u00fcck<\/p>","protected":false},"author":1,"featured_media":0,"parent":0,"menu_order":0,"comment_status":"closed","ping_status":"closed","template":"","meta":{"inline_featured_image":false,"footnotes":""},"class_list":["post-7647","page","type-page","status-publish","hentry","post-no-thumbnail"],"yoast_head":"<!-- This site is optimized with the Yoast SEO plugin v25.6 - https:\/\/yoast.com\/wordpress\/plugins\/seo\/ -->\n<title>Dankesch\u00f6n! - Rascal Industry<\/title>\n<meta name=\"robots\" content=\"index, follow, max-snippet:-1, max-image-preview:large, max-video-preview:-1\" \/>\n<link rel=\"canonical\" href=\"https:\/\/www.rascalindustry.pl\/de\/dankeschon\/\" \/>\n<meta property=\"og:locale\" content=\"de_DE\" \/>\n<meta property=\"og:type\" content=\"article\" \/>\n<meta property=\"og:title\" content=\"Dankesch\u00f6n! - Rascal Industry\" \/>\n<meta property=\"og:description\" content=\"Vielen Dank f\u00fcr Ihre Anfrage zu senden.Ihr Bericht wurde an die zust\u00e4ndige Abteilung weitergeleitet. Zur\u00fcck\" \/>\n<meta property=\"og:url\" content=\"https:\/\/www.rascalindustry.pl\/de\/dankeschon\/\" \/>\n<meta property=\"og:site_name\" content=\"Rascal Industry\" \/>\n<meta property=\"article:publisher\" content=\"https:\/\/www.facebook.com\/RascalIndustry\/\" \/>\n<meta property=\"article:modified_time\" content=\"2020-10-14T09:50:50+00:00\" \/>\n<meta name=\"twitter:card\" content=\"summary_large_image\" \/>\n<script type=\"application\/ld+json\" class=\"yoast-schema-graph\">{\"@context\":\"https:\/\/schema.org\",\"@graph\":[{\"@type\":\"WebPage\",\"@id\":\"https:\/\/www.rascalindustry.pl\/de\/dankeschon\/\",\"url\":\"https:\/\/www.rascalindustry.pl\/de\/dankeschon\/\",\"name\":\"Dankesch\u00f6n! - Rascal Industry\",\"isPartOf\":{\"@id\":\"https:\/\/www.rascalindustry.pl\/de\/#website\"},\"datePublished\":\"2020-10-14T09:49:55+00:00\",\"dateModified\":\"2020-10-14T09:50:50+00:00\",\"breadcrumb\":{\"@id\":\"https:\/\/www.rascalindustry.pl\/de\/dankeschon\/#breadcrumb\"},\"inLanguage\":\"de\",\"potentialAction\":[{\"@type\":\"ReadAction\",\"target\":[\"https:\/\/www.rascalindustry.pl\/de\/dankeschon\/\"]}]},{\"@type\":\"BreadcrumbList\",\"@id\":\"https:\/\/www.rascalindustry.pl\/de\/dankeschon\/#breadcrumb\",\"itemListElement\":[{\"@type\":\"ListItem\",\"position\":1,\"name\":\"Strona g\u0142\u00f3wna\",\"item\":\"https:\/\/www.rascalindustry.pl\/de\/\"},{\"@type\":\"ListItem\",\"position\":2,\"name\":\"Dankesch\u00f6n!\"}]},{\"@type\":\"WebSite\",\"@id\":\"https:\/\/www.rascalindustry.pl\/de\/#website\",\"url\":\"https:\/\/www.rascalindustry.pl\/de\/\",\"name\":\"Rascal Industry\",\"description\":\"\",\"publisher\":{\"@id\":\"https:\/\/www.rascalindustry.pl\/de\/#organization\"},\"potentialAction\":[{\"@type\":\"SearchAction\",\"target\":{\"@type\":\"EntryPoint\",\"urlTemplate\":\"https:\/\/www.rascalindustry.pl\/de\/?s={search_term_string}\"},\"query-input\":{\"@type\":\"PropertyValueSpecification\",\"valueRequired\":true,\"valueName\":\"search_term_string\"}}],\"inLanguage\":\"de\"},{\"@type\":\"Organization\",\"@id\":\"https:\/\/www.rascalindustry.pl\/de\/#organization\",\"name\":\"Rascal Industry\",\"url\":\"https:\/\/www.rascalindustry.pl\/de\/\",\"logo\":{\"@type\":\"ImageObject\",\"inLanguage\":\"de\",\"@id\":\"https:\/\/www.rascalindustry.pl\/de\/#\/schema\/logo\/image\/\",\"url\":\"https:\/\/www.rascalindustry.pl\/wp-content\/uploads\/2020\/03\/LogoBlack.png\",\"contentUrl\":\"https:\/\/www.rascalindustry.pl\/wp-content\/uploads\/2020\/03\/LogoBlack.png\",\"width\":660,\"height\":233,\"caption\":\"Rascal Industry\"},\"image\":{\"@id\":\"https:\/\/www.rascalindustry.pl\/de\/#\/schema\/logo\/image\/\"},\"sameAs\":[\"https:\/\/www.facebook.com\/RascalIndustry\/\",\"https:\/\/www.instagram.com\/rascalindustry\/?hl=pl\",\"https:\/\/www.linkedin.com\/company\/rascalspzoo\/\"]}]}<\/script>\n<!-- \/ Yoast SEO plugin. -->","yoast_head_json":{"title":"Dankesch\u00f6n! - Rascal Industry","robots":{"index":"index","follow":"follow","max-snippet":"max-snippet:-1","max-image-preview":"max-image-preview:large","max-video-preview":"max-video-preview:-1"},"canonical":"https:\/\/www.rascalindustry.pl\/de\/dankeschon\/","og_locale":"de_DE","og_type":"article","og_title":"Dankesch\u00f6n! - Rascal Industry","og_description":"Vielen Dank f\u00fcr Ihre Anfrage zu senden.Ihr Bericht wurde an die zust\u00e4ndige Abteilung weitergeleitet. Zur\u00fcck","og_url":"https:\/\/www.rascalindustry.pl\/de\/dankeschon\/","og_site_name":"Rascal Industry","article_publisher":"https:\/\/www.facebook.com\/RascalIndustry\/","article_modified_time":"2020-10-14T09:50:50+00:00","twitter_card":"summary_large_image","schema":{"@context":"https:\/\/schema.org","@graph":[{"@type":"WebPage","@id":"https:\/\/www.rascalindustry.pl\/de\/dankeschon\/","url":"https:\/\/www.rascalindustry.pl\/de\/dankeschon\/","name":"Dankesch\u00f6n! - Rascal Industry","isPartOf":{"@id":"https:\/\/www.rascalindustry.pl\/de\/#website"},"datePublished":"2020-10-14T09:49:55+00:00","dateModified":"2020-10-14T09:50:50+00:00","breadcrumb":{"@id":"https:\/\/www.rascalindustry.pl\/de\/dankeschon\/#breadcrumb"},"inLanguage":"de","potentialAction":[{"@type":"ReadAction","target":["https:\/\/www.rascalindustry.pl\/de\/dankeschon\/"]}]},{"@type":"BreadcrumbList","@id":"https:\/\/www.rascalindustry.pl\/de\/dankeschon\/#breadcrumb","itemListElement":[{"@type":"ListItem","position":1,"name":"Strona g\u0142\u00f3wna","item":"https:\/\/www.rascalindustry.pl\/de\/"},{"@type":"ListItem","position":2,"name":"Dankesch\u00f6n!"}]},{"@type":"WebSite","@id":"https:\/\/www.rascalindustry.pl\/de\/#website","url":"https:\/\/www.rascalindustry.pl\/de\/","name":"Rascal Industry","description":"","publisher":{"@id":"https:\/\/www.rascalindustry.pl\/de\/#organization"},"potentialAction":[{"@type":"SearchAction","target":{"@type":"EntryPoint","urlTemplate":"https:\/\/www.rascalindustry.pl\/de\/?s={search_term_string}"},"query-input":{"@type":"PropertyValueSpecification","valueRequired":true,"valueName":"search_term_string"}}],"inLanguage":"de"},{"@type":"Organization","@id":"https:\/\/www.rascalindustry.pl\/de\/#organization","name":"Rascal Industry","url":"https:\/\/www.rascalindustry.pl\/de\/","logo":{"@type":"ImageObject","inLanguage":"de","@id":"https:\/\/www.rascalindustry.pl\/de\/#\/schema\/logo\/image\/","url":"https:\/\/www.rascalindustry.pl\/wp-content\/uploads\/2020\/03\/LogoBlack.png","contentUrl":"https:\/\/www.rascalindustry.pl\/wp-content\/uploads\/2020\/03\/LogoBlack.png","width":660,"height":233,"caption":"Rascal Industry"},"image":{"@id":"https:\/\/www.rascalindustry.pl\/de\/#\/schema\/logo\/image\/"},"sameAs":["https:\/\/www.facebook.com\/RascalIndustry\/","https:\/\/www.instagram.com\/rascalindustry\/?hl=pl","https:\/\/www.linkedin.com\/company\/rascalspzoo\/"]}]}},"_links":{"self":[{"href":"https:\/\/www.rascalindustry.pl\/de\/wp-json\/wp\/v2\/pages\/7647"}],"collection":[{"href":"https:\/\/www.rascalindustry.pl\/de\/wp-json\/wp\/v2\/pages"}],"about":[{"href":"https:\/\/www.rascalindustry.pl\/de\/wp-json\/wp\/v2\/types\/page"}],"author":[{"embeddable":true,"href":"https:\/\/www.rascalindustry.pl\/de\/wp-json\/wp\/v2\/users\/1"}],"replies":[{"embeddable":true,"href":"https:\/\/www.rascalindustry.pl\/de\/wp-json\/wp\/v2\/comments?post=7647"}],"version-history":[{"count":2,"href":"https:\/\/www.rascalindustry.pl\/de\/wp-json\/wp\/v2\/pages\/7647\/revisions"}],"predecessor-version":[{"id":7649,"href":"https:\/\/www.rascalindustry.pl\/de\/wp-json\/wp\/v2\/pages\/7647\/revisions\/7649"}],"wp:attachment":[{"href":"https:\/\/www.rascalindustry.pl\/de\/wp-json\/wp\/v2\/media?parent=7647"}],"curies":[{"name":"wp","href":"https:\/\/api.w.org\/{rel}","templated":true}]}}