{"id":6658,"date":"2020-06-09T20:38:12","date_gmt":"2020-06-09T18:38:12","guid":{"rendered":"https:\/\/www.rascalindustry.pl\/?page_id=6658"},"modified":"2022-01-14T00:10:50","modified_gmt":"2022-01-13T23:10:50","slug":"wintermutzen","status":"publish","type":"page","link":"https:\/\/www.rascalindustry.pl\/de\/mutzen\/wintermutzen\/","title":{"rendered":"Winterm\u00fctzen"},"content":{"rendered":"\t\t<div data-elementor-type=\"wp-page\" data-elementor-id=\"6658\" class=\"elementor elementor-6658\" data-elementor-post-type=\"page\">\n\t\t\t\t\t\t<section class=\"elementor-section elementor-top-section elementor-element elementor-element-e5da875 elementor-section-stretched elementor-section-full_width elementor-section-gap-beside-yes elementor-section-height-default elementor-section-height-default elementor-section-column-vertical-align-stretch\" data-id=\"e5da875\" data-element_type=\"section\" data-settings=\"{&quot;stretch_section&quot;:&quot;section-stretched&quot;,&quot;background_background&quot;:&quot;classic&quot;}\">\n\t\t\t\t\t\t<div class=\"elementor-container elementor-column-gap-extended\">\n\t\t\t\t\t<div class=\"elementor-column elementor-col-100 elementor-top-column elementor-element elementor-element-8c177d2\" data-id=\"8c177d2\" data-element_type=\"column\">\n\t\t\t<div class=\"elementor-widget-wrap elementor-element-populated\">\n\t\t\t\t\t\t<div class=\"elementor-element elementor-element-438b325 elementor-widget elementor-widget-heading\" data-id=\"438b325\" data-element_type=\"widget\" data-widget_type=\"heading.default\">\n\t\t\t\t<div class=\"elementor-widget-container\">\n\t\t\t<h1 class=\"elementor-heading-title elementor-size-xxl\">Entwerfen Sie eine Werbekleidung<\/h1>\t\t<\/div>\n\t\t\t\t<\/div>\n\t\t\t\t<div class=\"elementor-element elementor-element-b18d0f2 elementor-widget elementor-widget-text-editor\" data-id=\"b18d0f2\" data-element_type=\"widget\" data-widget_type=\"text-editor.default\">\n\t\t\t\t<div class=\"elementor-widget-container\">\n\t\t\t\t\t\t\t<p style=\"text-align: center;\"><span style=\"color: #000000;\">oder \u00fcberlassen Sie es uns. <\/span><br \/><span style=\"color: #000000;\">Ein Logo und einen Werbespruch k\u00f6nnen wir an beliebiger Stelle anbringen.<\/span><br \/><span style=\"color: #000000;\">Jedes Produkt k\u00f6nnen wir kennzeichnen, indem wir personalisierte Etiketten hinzuf\u00fcgen.<\/span><br \/><span style=\"color: #000000;\">Welches Musterauftragsverfahren und welche Stofffarbe sind zu w\u00e4hlen? Ganz ruhig, kontaktieren Sie uns.<\/span><\/p>\t\t\t\t\t\t<\/div>\n\t\t\t\t<\/div>\n\t\t\t\t\t<\/div>\n\t\t<\/div>\n\t\t\t\t\t<\/div>\n\t\t<\/section>\n\t\t\t\t<section class=\"elementor-section elementor-top-section elementor-element elementor-element-5992336 elementor-section-stretched elementor-section-full_width elementor-section-gap-beside-yes elementor-section-height-default elementor-section-height-default elementor-section-column-vertical-align-stretch\" data-id=\"5992336\" data-element_type=\"section\" data-settings=\"{&quot;stretch_section&quot;:&quot;section-stretched&quot;}\">\n\t\t\t\t\t\t<div class=\"elementor-container elementor-column-gap-default\">\n\t\t\t\t\t<div class=\"elementor-column elementor-col-50 elementor-top-column elementor-element elementor-element-7c29db8 elementor-hidden-phone\" data-id=\"7c29db8\" data-element_type=\"column\">\n\t\t\t<div class=\"elementor-widget-wrap elementor-element-populated\">\n\t\t\t\t\t\t<div class=\"elementor-element elementor-element-7bef8dd elementor-widget elementor-widget-image\" data-id=\"7bef8dd\" data-element_type=\"widget\" data-widget_type=\"image.default\">\n\t\t\t\t<div class=\"elementor-widget-container\">\n\t\t\t\t\t\t\t\t\t\t\t\t\t<img fetchpriority=\"high\" decoding=\"async\" width=\"640\" height=\"598\" src=\"https:\/\/www.rascalindustry.pl\/wp-content\/uploads\/2020\/04\/Czapka-Rascal-szara.jpg\" class=\"attachment-large size-large wp-image-5106\" alt=\"\" srcset=\"https:\/\/www.rascalindustry.pl\/wp-content\/uploads\/2020\/04\/Czapka-Rascal-szara.jpg 844w, https:\/\/www.rascalindustry.pl\/wp-content\/uploads\/2020\/04\/Czapka-Rascal-szara-300x280.jpg 300w, https:\/\/www.rascalindustry.pl\/wp-content\/uploads\/2020\/04\/Czapka-Rascal-szara-150x140.jpg 150w, https:\/\/www.rascalindustry.pl\/wp-content\/uploads\/2020\/04\/Czapka-Rascal-szara-768x717.jpg 768w\" sizes=\"(max-width: 640px) 100vw, 640px\" \/>\t\t\t\t\t\t\t\t\t\t\t\t\t<\/div>\n\t\t\t\t<\/div>\n\t\t\t\t<div class=\"elementor-element elementor-element-29eba97 elementor-widget elementor-widget-image\" data-id=\"29eba97\" data-element_type=\"widget\" data-widget_type=\"image.default\">\n\t\t\t\t<div class=\"elementor-widget-container\">\n\t\t\t\t\t\t\t\t\t\t\t\t\t<img decoding=\"async\" width=\"640\" height=\"598\" src=\"https:\/\/www.rascalindustry.pl\/wp-content\/uploads\/2020\/04\/Czapka-Rascal-bia\u0142a.jpg\" class=\"attachment-large size-large wp-image-5105\" alt=\"\" srcset=\"https:\/\/www.rascalindustry.pl\/wp-content\/uploads\/2020\/04\/Czapka-Rascal-bia\u0142a.jpg 844w, https:\/\/www.rascalindustry.pl\/wp-content\/uploads\/2020\/04\/Czapka-Rascal-bia\u0142a-300x280.jpg 300w, https:\/\/www.rascalindustry.pl\/wp-content\/uploads\/2020\/04\/Czapka-Rascal-bia\u0142a-150x140.jpg 150w, https:\/\/www.rascalindustry.pl\/wp-content\/uploads\/2020\/04\/Czapka-Rascal-bia\u0142a-768x717.jpg 768w\" sizes=\"(max-width: 640px) 100vw, 640px\" \/>\t\t\t\t\t\t\t\t\t\t\t\t\t<\/div>\n\t\t\t\t<\/div>\n\t\t\t\t\t<\/div>\n\t\t<\/div>\n\t\t\t\t<div class=\"elementor-column elementor-col-50 elementor-top-column elementor-element elementor-element-730422c\" data-id=\"730422c\" data-element_type=\"column\">\n\t\t\t<div class=\"elementor-widget-wrap elementor-element-populated\">\n\t\t\t\t\t\t<div class=\"elementor-element elementor-element-e89d531 elementor-hidden-desktop elementor-hidden-tablet bullets-v-align-below elementor-widget elementor-widget-tm-image-carousel\" data-id=\"e89d531\" data-element_type=\"widget\" data-widget_type=\"tm-image-carousel.default\">\n\t\t\t\t<div class=\"elementor-widget-container\">\n\t\t\t\t\t<div class=\"billey-swiper-wrapper\">\n\t\t\t\n\t\t<div class=\"tm-swiper tm-slider-widget nav-style-01 nav-show-always\" data-lg-items=\"1\" data-md-items=\"\" data-sm-items=\"\" data-lg-gutter=\"30\" data-md-gutter=\"\" data-sm-gutter=\"\" data-nav=\"1\" data-nav-aligned-by=\"slider\" data-loop=\"1\" data-simulate-touch=\"1\" data-speed=\"1000\" data-pause-on-hover=\"1\" data-effect=\"slide\">\n\t\t\t<div class=\"swiper-inner\">\n\n\t\t\t\t\n\t\t\t\t<div class=\"swiper-container\">\n\t\t\t\t\t<div class=\"swiper-wrapper\">\n\t\t\t\t\t\t\t\t\t<div class=\"swiper-slide\">\n\t\t\t\t<div class=\"image\">\n\t\t\t\t\t<img decoding=\"async\"  src=\"https:\/\/www.rascalindustry.pl\/wp-content\/uploads\/2020\/04\/Czapka-Rascal-szara.jpg\" alt=\"Czapka Rascal szara\" \/>\t\t\t\t<\/div>\n\t\t\t<\/div>\n\t\t\t\t\t\t<div class=\"swiper-slide\">\n\t\t\t\t<div class=\"image\">\n\t\t\t\t\t<img decoding=\"async\"  src=\"https:\/\/www.rascalindustry.pl\/wp-content\/uploads\/2020\/04\/Czapka-Rascal-bia\u0142a.jpg\" alt=\"Czapka Rascal bia\u0142a\" \/>\t\t\t\t<\/div>\n\t\t\t<\/div>\n\t\t\t\t\t\t\t\t<\/div>\n\t\t\t\t<\/div>\n\n\t\t\t\t\n\t\t\t<\/div>\n\t\t<\/div>\n\t\t\t\t<\/div>\n\t\t\t\t<\/div>\n\t\t\t\t<\/div>\n\t\t\t\t<div class=\"elementor-element elementor-element-48ec7b7 elementor-widget elementor-widget-text-editor\" data-id=\"48ec7b7\" data-element_type=\"widget\" data-settings=\"{&quot;sticky&quot;:&quot;top&quot;,&quot;sticky_offset&quot;:120,&quot;sticky_parent&quot;:&quot;yes&quot;,&quot;sticky_on&quot;:[&quot;desktop&quot;,&quot;tablet&quot;,&quot;mobile&quot;],&quot;sticky_effects_offset&quot;:0}\" data-widget_type=\"text-editor.default\">\n\t\t\t\t<div class=\"elementor-widget-container\">\n\t\t\t\t\t\t\t<h2>Winterm\u00fctzen<\/h2><p style=\"text-align: justify;\">Das ist ein Accessoire, welches, auch bescheiden designed, Ihre Gruppe ohne Zweifel aus der Menge hervorstechen l\u00e4sst.<\/p><p style=\"text-align: justify;\"><span style=\"color: #000000;\"><strong>Arten von Winterm\u00fctzen:<\/strong><\/span> aufgekrempelt oder in voller L\u00e4nge<br \/><span style=\"color: #000000;\"><strong>Accessoire-Optionen:<\/strong><\/span> M\u00fctze mit Bommel, M\u00fctze ohne Bommel<\/p><p><span style=\"color: #000000;\"><strong>Zusammensetzung:<\/strong><\/span> 100% acrylic<br \/><span style=\"color: #000000;\"><strong>Farben: <\/strong><\/span><span class=\"circle-color czerwony\" data-tooltip=\"Rot\" data-tooltip-position=\"top\">.<\/span><span class=\"circle-color lososiowy\" data-tooltip=\"Lachsfarben\" data-tooltip-position=\"top\">.<\/span><span class=\"circle-color jasnybez\" data-tooltip=\"Hellbeige\" data-tooltip-position=\"top\">.<\/span><span class=\"circle-color intensywnybez\" data-tooltip=\"Intensiv beige\" data-tooltip-position=\"top\">.<\/span><span class=\"circle-color niebieski\" data-tooltip=\"Blau\" data-tooltip-position=\"top\">.<\/span><span class=\"circle-color granatowy\" data-tooltip=\"Dunkelblau\" data-tooltip-position=\"top\">.<\/span><span class=\"circle-color mietowy\" data-tooltip=\"Pfefferminzfarben\" data-tooltip-position=\"top\">.<\/span><span class=\"circle-color zolty\" data-tooltip=\"Gelb\" data-tooltip-position=\"top\">.<\/span><span class=\"circle-color pomaranczowy\" data-tooltip=\"Orangenfarben\" data-tooltip-position=\"top\">.<\/span><span class=\"circle-color pudrowyroz\" data-tooltip=\"Puderrosafarben\" data-tooltip-position=\"top\">.<\/span><span class=\"circle-color szary\" data-tooltip=\"Grau\" data-tooltip-position=\"top\">.<\/span><span class=\"circle-color melanz\" data-tooltip=\"Melange\" data-tooltip-position=\"top\">.<\/span><span class=\"circle-color zielony\" data-tooltip=\"Gr\u00fcn\" data-tooltip-position=\"top\">.<\/span><span class=\"circle-color butelkowazielen\" data-tooltip=\"Flaschengr\u00fcn\" data-tooltip-position=\"top\">.<\/span><span class=\"circle-color burgund\" data-tooltip=\"Burgund\" data-tooltip-position=\"top\">.<\/span><span class=\"circle-color czarny\" data-tooltip=\"Schwarz\" data-tooltip-position=\"top\">.<\/span><br \/><span style=\"font-size: 13px; color: #888888; font-family: CerebriSans, sans-serif; letter-spacing: 0em;\">* Die o.g. Farben gelten f\u00fcr Mindestbestellmengen. Bei gr\u00f6\u00dferen Bestellungen sind wir in der Lage, Werbekleidung in jeder beliebigen Farbe zu n\u00e4hen.<\/span><\/p><p><span style=\"color: #000000;\"><strong>Musterauftragsverfahren:<\/strong><\/span><br \/><span style=\"color: #000000;\">Gewobene Verzierungen<br \/>Aufn\u00e4her:<\/span> bestickt, bedruckt<br \/><span style=\"color: #000000;\">Bestickung:<\/span> Computerstickerei<\/p><p><span style=\"color: #000000;\"><strong>Mindestbestellmenge: <\/strong><\/span>100 Stk.<br \/><span style=\"color: #000000;\"><strong>Lieferzeit:<\/strong><\/span> 4-6 Wochen<\/p><div class=\"c-button-center\"><a class=\"c-btn\" href=\"https:\/\/www.rascalindustry.pl\/de\/kontakt-de\/\">FRAGEN SIE NACH DEM PRODUKT<\/a><\/div>\t\t\t\t\t\t<\/div>\n\t\t\t\t<\/div>\n\t\t\t\t\t<\/div>\n\t\t<\/div>\n\t\t\t\t\t<\/div>\n\t\t<\/section>\n\t\t\t\t<section class=\"elementor-section elementor-top-section elementor-element elementor-element-8709332 elementor-section-boxed elementor-section-gap-beside-yes elementor-section-height-default elementor-section-height-default elementor-section-column-vertical-align-stretch\" data-id=\"8709332\" data-element_type=\"section\">\n\t\t\t\t\t\t<div class=\"elementor-container elementor-column-gap-extended\">\n\t\t\t\t\t<div class=\"elementor-column elementor-col-100 elementor-top-column elementor-element elementor-element-1bbb602\" data-id=\"1bbb602\" data-element_type=\"column\">\n\t\t\t<div class=\"elementor-widget-wrap elementor-element-populated\">\n\t\t\t\t\t\t<div class=\"elementor-element elementor-element-23177cf elementor-widget elementor-widget-spacer\" data-id=\"23177cf\" data-element_type=\"widget\" data-widget_type=\"spacer.default\">\n\t\t\t\t<div class=\"elementor-widget-container\">\n\t\t\t\t\t<div class=\"elementor-spacer\">\n\t\t\t<div class=\"elementor-spacer-inner\"><\/div>\n\t\t<\/div>\n\t\t\t\t<\/div>\n\t\t\t\t<\/div>\n\t\t\t\t\t<\/div>\n\t\t<\/div>\n\t\t\t\t\t<\/div>\n\t\t<\/section>\n\t\t\t\t<\/div>\n\t\t","protected":false},"excerpt":{"rendered":"<p>Entwerfen Sie eine Werbekleidung oder \u00fcberlassen Sie es uns. Ein Logo und einen Werbespruch k\u00f6nnen wir an beliebiger Stelle anbringen. Jedes Produkt k\u00f6nnen wir kennzeichnen, indem wir personalisierte Etiketten hinzuf\u00fcgen. Welches Musterauftragsverfahren und welche Stofffarbe sind zu w\u00e4hlen? Ganz ruhig, kontaktieren Sie uns. Winterm\u00fctzen Das ist ein Accessoire, welches, auch bescheiden designed, Ihre Gruppe ohne Zweifel aus der Menge hervorstechen l\u00e4sst. Arten von Winterm\u00fctzen: aufgekrempelt oder in voller L\u00e4nge Accessoire-Optionen: M\u00fctze mit Bommel, M\u00fctze ohne Bommel Zusammensetzung: 100% acrylic Farben: &#8230;&#8230;&#8230;&#8230;&#8230;. * Die o.g. Farben gelten f\u00fcr Mindestbestellmengen. Bei gr\u00f6\u00dferen Bestellungen sind wir in der Lage, Werbekleidung in jeder beliebigen Farbe zu n\u00e4hen. Musterauftragsverfahren: Gewobene Verzierungen Aufn\u00e4her: bestickt, bedruckt Bestickung: Computerstickerei Mindestbestellmenge: 100 Stk. Lieferzeit: 4-6 Wochen FRAGEN SIE NACH DEM PRODUKT<\/p>","protected":false},"author":1,"featured_media":0,"parent":13039,"menu_order":0,"comment_status":"closed","ping_status":"closed","template":"","meta":{"inline_featured_image":false,"footnotes":""},"class_list":["post-6658","page","type-page","status-publish","hentry","post-no-thumbnail"],"yoast_head":"<!-- This site is optimized with the Yoast SEO plugin v25.6 - https:\/\/yoast.com\/wordpress\/plugins\/seo\/ -->\n<title>Winterm\u00fctzen - Rascal Industry<\/title>\n<meta name=\"robots\" content=\"index, follow, max-snippet:-1, max-image-preview:large, max-video-preview:-1\" \/>\n<link rel=\"canonical\" href=\"https:\/\/www.rascalindustry.pl\/de\/mutzen\/wintermutzen\/\" \/>\n<meta property=\"og:locale\" content=\"de_DE\" \/>\n<meta property=\"og:type\" content=\"article\" \/>\n<meta property=\"og:title\" content=\"Winterm\u00fctzen - Rascal Industry\" \/>\n<meta property=\"og:description\" content=\"Entwerfen Sie eine Werbekleidung oder \u00fcberlassen Sie es uns. Ein Logo und einen Werbespruch k\u00f6nnen wir an beliebiger Stelle anbringen. Jedes Produkt k\u00f6nnen wir kennzeichnen, indem wir personalisierte Etiketten hinzuf\u00fcgen. Welches Musterauftragsverfahren und welche Stofffarbe sind zu w\u00e4hlen? Ganz ruhig, kontaktieren Sie uns. Winterm\u00fctzen Das ist ein Accessoire, welches, auch bescheiden designed, Ihre Gruppe ohne Zweifel aus der Menge hervorstechen l\u00e4sst. Arten von Winterm\u00fctzen: aufgekrempelt oder in voller L\u00e4nge Accessoire-Optionen: M\u00fctze mit Bommel, M\u00fctze ohne Bommel Zusammensetzung: 100% acrylic Farben: &#8230;&#8230;&#8230;&#8230;&#8230;. * Die o.g. Farben gelten f\u00fcr Mindestbestellmengen. Bei gr\u00f6\u00dferen Bestellungen sind wir in der Lage, Werbekleidung in jeder beliebigen Farbe zu n\u00e4hen. Musterauftragsverfahren: Gewobene Verzierungen Aufn\u00e4her: bestickt, bedruckt Bestickung: Computerstickerei Mindestbestellmenge: 100 Stk. Lieferzeit: 4-6 Wochen FRAGEN SIE NACH DEM PRODUKT\" \/>\n<meta property=\"og:url\" content=\"https:\/\/www.rascalindustry.pl\/de\/mutzen\/wintermutzen\/\" \/>\n<meta property=\"og:site_name\" content=\"Rascal Industry\" \/>\n<meta property=\"article:publisher\" content=\"https:\/\/www.facebook.com\/RascalIndustry\/\" \/>\n<meta property=\"article:modified_time\" content=\"2022-01-13T23:10:50+00:00\" \/>\n<meta property=\"og:image\" content=\"https:\/\/www.rascalindustry.pl\/wp-content\/uploads\/2020\/04\/Czapka-Rascal-szara.jpg\" \/>\n<meta name=\"twitter:card\" content=\"summary_large_image\" \/>\n<meta name=\"twitter:label1\" content=\"Gesch\u00e4tzte Lesezeit\" \/>\n\t<meta name=\"twitter:data1\" content=\"2\u00a0Minuten\" \/>\n<script type=\"application\/ld+json\" class=\"yoast-schema-graph\">{\"@context\":\"https:\/\/schema.org\",\"@graph\":[{\"@type\":\"WebPage\",\"@id\":\"https:\/\/www.rascalindustry.pl\/de\/mutzen\/wintermutzen\/\",\"url\":\"https:\/\/www.rascalindustry.pl\/de\/mutzen\/wintermutzen\/\",\"name\":\"Winterm\u00fctzen - Rascal Industry\",\"isPartOf\":{\"@id\":\"https:\/\/www.rascalindustry.pl\/de\/#website\"},\"primaryImageOfPage\":{\"@id\":\"https:\/\/www.rascalindustry.pl\/de\/mutzen\/wintermutzen\/#primaryimage\"},\"image\":{\"@id\":\"https:\/\/www.rascalindustry.pl\/de\/mutzen\/wintermutzen\/#primaryimage\"},\"thumbnailUrl\":\"https:\/\/www.rascalindustry.pl\/wp-content\/uploads\/2020\/04\/Czapka-Rascal-szara.jpg\",\"datePublished\":\"2020-06-09T18:38:12+00:00\",\"dateModified\":\"2022-01-13T23:10:50+00:00\",\"breadcrumb\":{\"@id\":\"https:\/\/www.rascalindustry.pl\/de\/mutzen\/wintermutzen\/#breadcrumb\"},\"inLanguage\":\"de\",\"potentialAction\":[{\"@type\":\"ReadAction\",\"target\":[\"https:\/\/www.rascalindustry.pl\/de\/mutzen\/wintermutzen\/\"]}]},{\"@type\":\"ImageObject\",\"inLanguage\":\"de\",\"@id\":\"https:\/\/www.rascalindustry.pl\/de\/mutzen\/wintermutzen\/#primaryimage\",\"url\":\"https:\/\/www.rascalindustry.pl\/wp-content\/uploads\/2020\/04\/Czapka-Rascal-szara.jpg\",\"contentUrl\":\"https:\/\/www.rascalindustry.pl\/wp-content\/uploads\/2020\/04\/Czapka-Rascal-szara.jpg\"},{\"@type\":\"BreadcrumbList\",\"@id\":\"https:\/\/www.rascalindustry.pl\/de\/mutzen\/wintermutzen\/#breadcrumb\",\"itemListElement\":[{\"@type\":\"ListItem\",\"position\":1,\"name\":\"Strona g\u0142\u00f3wna\",\"item\":\"https:\/\/www.rascalindustry.pl\/de\/\"},{\"@type\":\"ListItem\",\"position\":2,\"name\":\"M\u00fctzen\",\"item\":\"https:\/\/www.rascalindustry.pl\/de\/mutzen\/\"},{\"@type\":\"ListItem\",\"position\":3,\"name\":\"Winterm\u00fctzen\"}]},{\"@type\":\"WebSite\",\"@id\":\"https:\/\/www.rascalindustry.pl\/de\/#website\",\"url\":\"https:\/\/www.rascalindustry.pl\/de\/\",\"name\":\"Rascal Industry\",\"description\":\"\",\"publisher\":{\"@id\":\"https:\/\/www.rascalindustry.pl\/de\/#organization\"},\"potentialAction\":[{\"@type\":\"SearchAction\",\"target\":{\"@type\":\"EntryPoint\",\"urlTemplate\":\"https:\/\/www.rascalindustry.pl\/de\/?s={search_term_string}\"},\"query-input\":{\"@type\":\"PropertyValueSpecification\",\"valueRequired\":true,\"valueName\":\"search_term_string\"}}],\"inLanguage\":\"de\"},{\"@type\":\"Organization\",\"@id\":\"https:\/\/www.rascalindustry.pl\/de\/#organization\",\"name\":\"Rascal Industry\",\"url\":\"https:\/\/www.rascalindustry.pl\/de\/\",\"logo\":{\"@type\":\"ImageObject\",\"inLanguage\":\"de\",\"@id\":\"https:\/\/www.rascalindustry.pl\/de\/#\/schema\/logo\/image\/\",\"url\":\"https:\/\/www.rascalindustry.pl\/wp-content\/uploads\/2020\/03\/LogoBlack.png\",\"contentUrl\":\"https:\/\/www.rascalindustry.pl\/wp-content\/uploads\/2020\/03\/LogoBlack.png\",\"width\":660,\"height\":233,\"caption\":\"Rascal Industry\"},\"image\":{\"@id\":\"https:\/\/www.rascalindustry.pl\/de\/#\/schema\/logo\/image\/\"},\"sameAs\":[\"https:\/\/www.facebook.com\/RascalIndustry\/\",\"https:\/\/www.instagram.com\/rascalindustry\/?hl=pl\",\"https:\/\/www.linkedin.com\/company\/rascalspzoo\/\"]}]}<\/script>\n<!-- \/ Yoast SEO plugin. -->","yoast_head_json":{"title":"Winterm\u00fctzen - Rascal Industry","robots":{"index":"index","follow":"follow","max-snippet":"max-snippet:-1","max-image-preview":"max-image-preview:large","max-video-preview":"max-video-preview:-1"},"canonical":"https:\/\/www.rascalindustry.pl\/de\/mutzen\/wintermutzen\/","og_locale":"de_DE","og_type":"article","og_title":"Winterm\u00fctzen - Rascal Industry","og_description":"Entwerfen Sie eine Werbekleidung oder \u00fcberlassen Sie es uns. Ein Logo und einen Werbespruch k\u00f6nnen wir an beliebiger Stelle anbringen. Jedes Produkt k\u00f6nnen wir kennzeichnen, indem wir personalisierte Etiketten hinzuf\u00fcgen. Welches Musterauftragsverfahren und welche Stofffarbe sind zu w\u00e4hlen? Ganz ruhig, kontaktieren Sie uns. Winterm\u00fctzen Das ist ein Accessoire, welches, auch bescheiden designed, Ihre Gruppe ohne Zweifel aus der Menge hervorstechen l\u00e4sst. Arten von Winterm\u00fctzen: aufgekrempelt oder in voller L\u00e4nge Accessoire-Optionen: M\u00fctze mit Bommel, M\u00fctze ohne Bommel Zusammensetzung: 100% acrylic Farben: &#8230;&#8230;&#8230;&#8230;&#8230;. * Die o.g. Farben gelten f\u00fcr Mindestbestellmengen. Bei gr\u00f6\u00dferen Bestellungen sind wir in der Lage, Werbekleidung in jeder beliebigen Farbe zu n\u00e4hen. Musterauftragsverfahren: Gewobene Verzierungen Aufn\u00e4her: bestickt, bedruckt Bestickung: Computerstickerei Mindestbestellmenge: 100 Stk. Lieferzeit: 4-6 Wochen FRAGEN SIE NACH DEM PRODUKT","og_url":"https:\/\/www.rascalindustry.pl\/de\/mutzen\/wintermutzen\/","og_site_name":"Rascal Industry","article_publisher":"https:\/\/www.facebook.com\/RascalIndustry\/","article_modified_time":"2022-01-13T23:10:50+00:00","og_image":[{"url":"https:\/\/www.rascalindustry.pl\/wp-content\/uploads\/2020\/04\/Czapka-Rascal-szara.jpg","type":"","width":"","height":""}],"twitter_card":"summary_large_image","twitter_misc":{"Gesch\u00e4tzte Lesezeit":"2\u00a0Minuten"},"schema":{"@context":"https:\/\/schema.org","@graph":[{"@type":"WebPage","@id":"https:\/\/www.rascalindustry.pl\/de\/mutzen\/wintermutzen\/","url":"https:\/\/www.rascalindustry.pl\/de\/mutzen\/wintermutzen\/","name":"Winterm\u00fctzen - Rascal Industry","isPartOf":{"@id":"https:\/\/www.rascalindustry.pl\/de\/#website"},"primaryImageOfPage":{"@id":"https:\/\/www.rascalindustry.pl\/de\/mutzen\/wintermutzen\/#primaryimage"},"image":{"@id":"https:\/\/www.rascalindustry.pl\/de\/mutzen\/wintermutzen\/#primaryimage"},"thumbnailUrl":"https:\/\/www.rascalindustry.pl\/wp-content\/uploads\/2020\/04\/Czapka-Rascal-szara.jpg","datePublished":"2020-06-09T18:38:12+00:00","dateModified":"2022-01-13T23:10:50+00:00","breadcrumb":{"@id":"https:\/\/www.rascalindustry.pl\/de\/mutzen\/wintermutzen\/#breadcrumb"},"inLanguage":"de","potentialAction":[{"@type":"ReadAction","target":["https:\/\/www.rascalindustry.pl\/de\/mutzen\/wintermutzen\/"]}]},{"@type":"ImageObject","inLanguage":"de","@id":"https:\/\/www.rascalindustry.pl\/de\/mutzen\/wintermutzen\/#primaryimage","url":"https:\/\/www.rascalindustry.pl\/wp-content\/uploads\/2020\/04\/Czapka-Rascal-szara.jpg","contentUrl":"https:\/\/www.rascalindustry.pl\/wp-content\/uploads\/2020\/04\/Czapka-Rascal-szara.jpg"},{"@type":"BreadcrumbList","@id":"https:\/\/www.rascalindustry.pl\/de\/mutzen\/wintermutzen\/#breadcrumb","itemListElement":[{"@type":"ListItem","position":1,"name":"Strona g\u0142\u00f3wna","item":"https:\/\/www.rascalindustry.pl\/de\/"},{"@type":"ListItem","position":2,"name":"M\u00fctzen","item":"https:\/\/www.rascalindustry.pl\/de\/mutzen\/"},{"@type":"ListItem","position":3,"name":"Winterm\u00fctzen"}]},{"@type":"WebSite","@id":"https:\/\/www.rascalindustry.pl\/de\/#website","url":"https:\/\/www.rascalindustry.pl\/de\/","name":"Rascal Industry","description":"","publisher":{"@id":"https:\/\/www.rascalindustry.pl\/de\/#organization"},"potentialAction":[{"@type":"SearchAction","target":{"@type":"EntryPoint","urlTemplate":"https:\/\/www.rascalindustry.pl\/de\/?s={search_term_string}"},"query-input":{"@type":"PropertyValueSpecification","valueRequired":true,"valueName":"search_term_string"}}],"inLanguage":"de"},{"@type":"Organization","@id":"https:\/\/www.rascalindustry.pl\/de\/#organization","name":"Rascal Industry","url":"https:\/\/www.rascalindustry.pl\/de\/","logo":{"@type":"ImageObject","inLanguage":"de","@id":"https:\/\/www.rascalindustry.pl\/de\/#\/schema\/logo\/image\/","url":"https:\/\/www.rascalindustry.pl\/wp-content\/uploads\/2020\/03\/LogoBlack.png","contentUrl":"https:\/\/www.rascalindustry.pl\/wp-content\/uploads\/2020\/03\/LogoBlack.png","width":660,"height":233,"caption":"Rascal Industry"},"image":{"@id":"https:\/\/www.rascalindustry.pl\/de\/#\/schema\/logo\/image\/"},"sameAs":["https:\/\/www.facebook.com\/RascalIndustry\/","https:\/\/www.instagram.com\/rascalindustry\/?hl=pl","https:\/\/www.linkedin.com\/company\/rascalspzoo\/"]}]}},"_links":{"self":[{"href":"https:\/\/www.rascalindustry.pl\/de\/wp-json\/wp\/v2\/pages\/6658"}],"collection":[{"href":"https:\/\/www.rascalindustry.pl\/de\/wp-json\/wp\/v2\/pages"}],"about":[{"href":"https:\/\/www.rascalindustry.pl\/de\/wp-json\/wp\/v2\/types\/page"}],"author":[{"embeddable":true,"href":"https:\/\/www.rascalindustry.pl\/de\/wp-json\/wp\/v2\/users\/1"}],"replies":[{"embeddable":true,"href":"https:\/\/www.rascalindustry.pl\/de\/wp-json\/wp\/v2\/comments?post=6658"}],"version-history":[{"count":15,"href":"https:\/\/www.rascalindustry.pl\/de\/wp-json\/wp\/v2\/pages\/6658\/revisions"}],"predecessor-version":[{"id":13047,"href":"https:\/\/www.rascalindustry.pl\/de\/wp-json\/wp\/v2\/pages\/6658\/revisions\/13047"}],"up":[{"embeddable":true,"href":"https:\/\/www.rascalindustry.pl\/de\/wp-json\/wp\/v2\/pages\/13039"}],"wp:attachment":[{"href":"https:\/\/www.rascalindustry.pl\/de\/wp-json\/wp\/v2\/media?parent=6658"}],"curies":[{"name":"wp","href":"https:\/\/api.w.org\/{rel}","templated":true}]}}