{"id":13039,"date":"2022-01-13T21:32:21","date_gmt":"2022-01-13T20:32:21","guid":{"rendered":"https:\/\/www.rascalindustry.pl\/?page_id=13039"},"modified":"2022-01-13T21:35:24","modified_gmt":"2022-01-13T20:35:24","slug":"mutzen","status":"publish","type":"page","link":"https:\/\/www.rascalindustry.pl\/de\/mutzen\/","title":{"rendered":"M\u00fctzen"},"content":{"rendered":"<div data-elementor-type=\"wp-page\" data-elementor-id=\"13039\" class=\"elementor elementor-13039\" data-elementor-post-type=\"page\">\n\t\t\t\t\t\t<section class=\"elementor-section elementor-top-section elementor-element elementor-element-e5da875 elementor-section-stretched elementor-section-boxed elementor-section-gap-beside-yes elementor-section-height-default elementor-section-height-default elementor-section-column-vertical-align-stretch\" data-id=\"e5da875\" data-element_type=\"section\" data-settings=\"{&quot;stretch_section&quot;:&quot;section-stretched&quot;,&quot;background_background&quot;:&quot;classic&quot;}\">\n\t\t\t\t\t\t<div class=\"elementor-container elementor-column-gap-extended\">\n\t\t\t\t\t<div class=\"elementor-column elementor-col-100 elementor-top-column elementor-element elementor-element-8c177d2\" data-id=\"8c177d2\" data-element_type=\"column\">\n\t\t\t<div class=\"elementor-widget-wrap elementor-element-populated\">\n\t\t\t\t\t\t<div class=\"elementor-element elementor-element-438b325 elementor-widget elementor-widget-heading\" data-id=\"438b325\" data-element_type=\"widget\" data-widget_type=\"heading.default\">\n\t\t\t\t<div class=\"elementor-widget-container\">\n\t\t\t<h1 class=\"elementor-heading-title elementor-size-xl\">M\u00fctzen mit Ihrem Firmenlogo<\/h1>\t\t<\/div>\n\t\t\t\t<\/div>\n\t\t\t\t\t<\/div>\n\t\t<\/div>\n\t\t\t\t\t<\/div>\n\t\t<\/section>\n\t\t\t\t<section class=\"elementor-section elementor-top-section elementor-element elementor-element-2fca40b elementor-section-stretched elementor-section-boxed elementor-section-gap-beside-yes elementor-section-height-default elementor-section-height-default elementor-section-column-vertical-align-stretch\" data-id=\"2fca40b\" data-element_type=\"section\" data-settings=\"{&quot;stretch_section&quot;:&quot;section-stretched&quot;,&quot;background_background&quot;:&quot;classic&quot;}\">\n\t\t\t\t\t\t<div class=\"elementor-container elementor-column-gap-extended\">\n\t\t\t\t\t<div class=\"elementor-column elementor-col-100 elementor-top-column elementor-element elementor-element-40b6a0d\" data-id=\"40b6a0d\" data-element_type=\"column\">\n\t\t\t<div class=\"elementor-widget-wrap elementor-element-populated\">\n\t\t\t\t\t\t<div class=\"elementor-element elementor-element-a38ad6e elementor-widget elementor-widget-text-editor\" data-id=\"a38ad6e\" data-element_type=\"widget\" data-widget_type=\"text-editor.default\">\n\t\t\t\t<div class=\"elementor-widget-container\">\n\t\t\t\t\t\t\t<p style=\"text-align: center;\"><span style=\"color: #9f9f9f; font-size: 16px;\">Nutzen Sie unsere fertigen Modelle oder erstellen Sie mit uns Ihre eigene M\u00fctze!<\/span><\/p>\t\t\t\t\t\t<\/div>\n\t\t\t\t<\/div>\n\t\t\t\t<div class=\"elementor-element elementor-element-e9d3cbb elementor-widget elementor-widget-text-editor\" data-id=\"e9d3cbb\" data-element_type=\"widget\" data-widget_type=\"text-editor.default\">\n\t\t\t\t<div class=\"elementor-widget-container\">\n\t\t\t\t\t\t\t<p style=\"text-align: center;\">W\u00e4hlen Sie einmalige Farben und einen Aufdruck, die dieses stilvolle Accessoire f\u00fcr Ihre Firma, Ihre Mitarbeiter <br \/>und Kunden hervorheben, und wir k\u00fcmmern uns um die Umsetzung und gew\u00e4hren beste Qualit\u00e4t.<\/p>\t\t\t\t\t\t<\/div>\n\t\t\t\t<\/div>\n\t\t\t\t\t<\/div>\n\t\t<\/div>\n\t\t\t\t\t<\/div>\n\t\t<\/section>\n\t\t\t\t<section class=\"elementor-section elementor-top-section elementor-element elementor-element-96e909a elementor-section-boxed elementor-section-gap-beside-yes elementor-section-height-default elementor-section-height-default elementor-section-column-vertical-align-stretch\" data-id=\"96e909a\" data-element_type=\"section\">\n\t\t\t\t\t\t<div class=\"elementor-container elementor-column-gap-extended\">\n\t\t\t\t\t<div class=\"elementor-column elementor-col-100 elementor-top-column elementor-element elementor-element-0f0c521\" data-id=\"0f0c521\" data-element_type=\"column\">\n\t\t\t<div class=\"elementor-widget-wrap elementor-element-populated\">\n\t\t\t\t\t\t<div class=\"elementor-element elementor-element-71abf5d elementor-widget elementor-widget-spacer\" data-id=\"71abf5d\" data-element_type=\"widget\" data-widget_type=\"spacer.default\">\n\t\t\t\t<div class=\"elementor-widget-container\">\n\t\t\t\t\t<div class=\"elementor-spacer\">\n\t\t\t<div class=\"elementor-spacer-inner\"><\/div>\n\t\t<\/div>\n\t\t\t\t<\/div>\n\t\t\t\t<\/div>\n\t\t\t\t\t<\/div>\n\t\t<\/div>\n\t\t\t\t\t<\/div>\n\t\t<\/section>\n\t\t\t\t<section class=\"elementor-section elementor-top-section elementor-element elementor-element-52402f2 elementor-section-boxed elementor-section-gap-beside-yes elementor-section-height-default elementor-section-height-default elementor-section-column-vertical-align-stretch\" data-id=\"52402f2\" data-element_type=\"section\">\n\t\t\t\t\t\t<div class=\"elementor-container elementor-column-gap-wider\">\n\t\t\t\t\t<div class=\"elementor-column elementor-col-33 elementor-top-column elementor-element elementor-element-d11d614\" data-id=\"d11d614\" data-element_type=\"column\">\n\t\t\t<div class=\"elementor-widget-wrap elementor-element-populated\">\n\t\t\t\t\t\t<div class=\"elementor-element elementor-element-b840929 elementor-widget elementor-widget-image\" data-id=\"b840929\" data-element_type=\"widget\" data-widget_type=\"image.default\">\n\t\t\t\t<div class=\"elementor-widget-container\">\n\t\t\t\t\t\t\t\t\t\t\t\t\t\t<a href=\"https:\/\/www.rascalindustry.pl\/de\/mutzen\/wintermutzen\/\">\n\t\t\t\t\t\t\t<img fetchpriority=\"high\" decoding=\"async\" width=\"1200\" height=\"1200\" src=\"https:\/\/www.rascalindustry.pl\/wp-content\/uploads\/2021\/10\/czapki-1.png\" class=\"attachment-full size-full wp-image-10622\" alt=\"\" srcset=\"https:\/\/www.rascalindustry.pl\/wp-content\/uploads\/2021\/10\/czapki-1.png 1200w, https:\/\/www.rascalindustry.pl\/wp-content\/uploads\/2021\/10\/czapki-1-300x300.png 300w, https:\/\/www.rascalindustry.pl\/wp-content\/uploads\/2021\/10\/czapki-1-1024x1024.png 1024w, https:\/\/www.rascalindustry.pl\/wp-content\/uploads\/2021\/10\/czapki-1-150x150.png 150w, https:\/\/www.rascalindustry.pl\/wp-content\/uploads\/2021\/10\/czapki-1-768x768.png 768w, https:\/\/www.rascalindustry.pl\/wp-content\/uploads\/2021\/10\/czapki-1-12x12.png 12w\" sizes=\"(max-width: 1200px) 100vw, 1200px\" \/>\t\t\t\t\t\t\t\t<\/a>\n\t\t\t\t\t\t\t\t\t\t\t\t\t<\/div>\n\t\t\t\t<\/div>\n\t\t\t\t<div class=\"elementor-element elementor-element-d19c9f7 elementor-widget elementor-widget-heading\" data-id=\"d19c9f7\" data-element_type=\"widget\" data-widget_type=\"heading.default\">\n\t\t\t\t<div class=\"elementor-widget-container\">\n\t\t\t<h3 class=\"elementor-heading-title elementor-size-default\"><a href=\"https:\/\/www.rascalindustry.pl\/de\/mutzen\/wintermutzen\/\">Winterm\u00fctzen<\/a><\/h3>\t\t<\/div>\n\t\t\t\t<\/div>\n\t\t\t\t\t<\/div>\n\t\t<\/div>\n\t\t\t\t<div class=\"elementor-column elementor-col-33 elementor-top-column elementor-element elementor-element-3aa486a\" data-id=\"3aa486a\" data-element_type=\"column\">\n\t\t\t<div class=\"elementor-widget-wrap elementor-element-populated\">\n\t\t\t\t\t\t<div class=\"elementor-element elementor-element-c0964a5 elementor-widget elementor-widget-image\" data-id=\"c0964a5\" data-element_type=\"widget\" data-widget_type=\"image.default\">\n\t\t\t\t<div class=\"elementor-widget-container\">\n\t\t\t\t\t\t\t\t\t\t\t\t\t\t<a href=\"\/czapki\/czapki-z-daszkiem\/\">\n\t\t\t\t\t\t\t<img decoding=\"async\" width=\"1200\" height=\"1200\" src=\"https:\/\/www.rascalindustry.pl\/wp-content\/uploads\/2021\/11\/cCzapka-z-daszkiem-1.png\" class=\"attachment-full size-full wp-image-10849\" alt=\"\" srcset=\"https:\/\/www.rascalindustry.pl\/wp-content\/uploads\/2021\/11\/cCzapka-z-daszkiem-1.png 1200w, https:\/\/www.rascalindustry.pl\/wp-content\/uploads\/2021\/11\/cCzapka-z-daszkiem-1-300x300.png 300w, https:\/\/www.rascalindustry.pl\/wp-content\/uploads\/2021\/11\/cCzapka-z-daszkiem-1-1024x1024.png 1024w, https:\/\/www.rascalindustry.pl\/wp-content\/uploads\/2021\/11\/cCzapka-z-daszkiem-1-150x150.png 150w, https:\/\/www.rascalindustry.pl\/wp-content\/uploads\/2021\/11\/cCzapka-z-daszkiem-1-768x768.png 768w, https:\/\/www.rascalindustry.pl\/wp-content\/uploads\/2021\/11\/cCzapka-z-daszkiem-1-12x12.png 12w\" sizes=\"(max-width: 1200px) 100vw, 1200px\" \/>\t\t\t\t\t\t\t\t<\/a>\n\t\t\t\t\t\t\t\t\t\t\t\t\t<\/div>\n\t\t\t\t<\/div>\n\t\t\t\t<div class=\"elementor-element elementor-element-6e9fd72 elementor-widget elementor-widget-heading\" data-id=\"6e9fd72\" data-element_type=\"widget\" data-widget_type=\"heading.default\">\n\t\t\t\t<div class=\"elementor-widget-container\">\n\t\t\t<h3 class=\"elementor-heading-title elementor-size-default\"><a href=\"https:\/\/www.rascalindustry.pl\/de\/mutzen\/baseballmutzen\/\">Baseballm\u00fctzen<\/a><\/h3>\t\t<\/div>\n\t\t\t\t<\/div>\n\t\t\t\t\t<\/div>\n\t\t<\/div>\n\t\t\t\t<div class=\"elementor-column elementor-col-33 elementor-top-column elementor-element elementor-element-9e0ba61\" data-id=\"9e0ba61\" data-element_type=\"column\">\n\t\t\t<div class=\"elementor-widget-wrap\">\n\t\t\t\t\t\t\t<\/div>\n\t\t<\/div>\n\t\t\t\t\t<\/div>\n\t\t<\/section>\n\t\t\t\t<section class=\"elementor-section elementor-top-section elementor-element elementor-element-700b115 elementor-section-boxed elementor-section-gap-beside-yes elementor-section-height-default elementor-section-height-default elementor-section-column-vertical-align-stretch\" data-id=\"700b115\" data-element_type=\"section\">\n\t\t\t\t\t\t<div class=\"elementor-container elementor-column-gap-extended\">\n\t\t\t\t\t<div class=\"elementor-column elementor-col-100 elementor-top-column elementor-element elementor-element-7c52637\" data-id=\"7c52637\" data-element_type=\"column\">\n\t\t\t<div class=\"elementor-widget-wrap elementor-element-populated\">\n\t\t\t\t\t\t<div class=\"elementor-element elementor-element-669886d elementor-widget elementor-widget-spacer\" data-id=\"669886d\" data-element_type=\"widget\" data-widget_type=\"spacer.default\">\n\t\t\t\t<div class=\"elementor-widget-container\">\n\t\t\t\t\t<div class=\"elementor-spacer\">\n\t\t\t<div class=\"elementor-spacer-inner\"><\/div>\n\t\t<\/div>\n\t\t\t\t<\/div>\n\t\t\t\t<\/div>\n\t\t\t\t\t<\/div>\n\t\t<\/div>\n\t\t\t\t\t<\/div>\n\t\t<\/section>\n\t\t\t\t<section class=\"elementor-section elementor-top-section elementor-element elementor-element-7bef05e elementor-section-boxed elementor-section-gap-beside-yes elementor-section-height-default elementor-section-height-default elementor-section-column-vertical-align-stretch\" data-id=\"7bef05e\" data-element_type=\"section\" data-settings=\"{&quot;background_background&quot;:&quot;classic&quot;}\">\n\t\t\t\t\t\t<div class=\"elementor-container elementor-column-gap-extended\">\n\t\t\t\t\t<div class=\"elementor-column elementor-col-100 elementor-top-column elementor-element elementor-element-e75ef26\" data-id=\"e75ef26\" data-element_type=\"column\" data-settings=\"{&quot;background_background&quot;:&quot;classic&quot;}\">\n\t\t\t<div class=\"elementor-widget-wrap elementor-element-populated\">\n\t\t\t\t\t\t<div class=\"elementor-element elementor-element-5d49bd6 elementor-widget elementor-widget-text-editor\" data-id=\"5d49bd6\" data-element_type=\"widget\" data-widget_type=\"text-editor.default\">\n\t\t\t\t<div class=\"elementor-widget-container\">\n\t\t\t\t\t\t\tSind Sie an einer Zusammenarbeit interessiert?\t\t\t\t\t\t<\/div>\n\t\t\t\t<\/div>\n\t\t\t\t<section class=\"elementor-section elementor-inner-section elementor-element elementor-element-6d38664 elementor-section-boxed elementor-section-gap-beside-yes elementor-section-height-default elementor-section-height-default elementor-section-column-vertical-align-stretch\" data-id=\"6d38664\" data-element_type=\"section\">\n\t\t\t\t\t\t<div class=\"elementor-container elementor-column-gap-extended\">\n\t\t\t\t\t<div class=\"elementor-column elementor-col-33 elementor-inner-column elementor-element elementor-element-5ec11b1 elementor-hidden-phone\" data-id=\"5ec11b1\" data-element_type=\"column\">\n\t\t\t<div class=\"elementor-widget-wrap\">\n\t\t\t\t\t\t\t<\/div>\n\t\t<\/div>\n\t\t\t\t<div class=\"elementor-column elementor-col-33 elementor-inner-column elementor-element elementor-element-2e6bc03\" data-id=\"2e6bc03\" data-element_type=\"column\">\n\t\t\t<div class=\"elementor-widget-wrap elementor-element-populated\">\n\t\t\t\t\t\t<div class=\"elementor-element elementor-element-12a3060 elementor-widget elementor-widget-text-editor\" data-id=\"12a3060\" data-element_type=\"widget\" data-widget_type=\"text-editor.default\">\n\t\t\t\t<div class=\"elementor-widget-container\">\n\t\t\t\t\t\t\tWir befassen uns mit der umfassenden Herstellung von Kleidung. Wir \u00fcbernehmen den gesamten Prozess der Erstellung einer Kollektion \u2013 von der Gestaltung und der Vorbereitung der Konstruktion und Prototypen \u00fcber die Einkaufsberatung und Unterst\u00fctzung bei der Materialauswahl bis hin zur Auswahl und Umsetzung von Methoden der Textilveredelung sowie Accessoires, wie Aufn\u00e4hern oder Etiketten.\t\t\t\t\t\t<\/div>\n\t\t\t\t<\/div>\n\t\t\t\t\t<\/div>\n\t\t<\/div>\n\t\t\t\t<div class=\"elementor-column elementor-col-33 elementor-inner-column elementor-element elementor-element-96fcf25 elementor-hidden-phone\" data-id=\"96fcf25\" data-element_type=\"column\">\n\t\t\t<div class=\"elementor-widget-wrap\">\n\t\t\t\t\t\t\t<\/div>\n\t\t<\/div>\n\t\t\t\t\t<\/div>\n\t\t<\/section>\n\t\t\t\t<div class=\"elementor-element elementor-element-daf2bdb elementor-align-center elementor-widget elementor-widget-button\" data-id=\"daf2bdb\" data-element_type=\"widget\" data-widget_type=\"button.default\">\n\t\t\t\t<div class=\"elementor-widget-container\">\n\t\t\t\t\t<div class=\"elementor-button-wrapper\">\n\t\t\t<a class=\"elementor-button elementor-button-link elementor-size-lg\" href=\"https:\/\/www.rascalindustry.pl\/de\/kontakt-de\/\">\n\t\t\t\t\t\t<span class=\"elementor-button-content-wrapper\">\n\t\t\t\t\t\t\t\t\t<span class=\"elementor-button-text\">Fragen Sie nach einem Produkt, das nicht in unserem Angebot ist.<\/span>\n\t\t\t\t\t<\/span>\n\t\t\t\t\t<\/a>\n\t\t<\/div>\n\t\t\t\t<\/div>\n\t\t\t\t<\/div>\n\t\t\t\t\t<\/div>\n\t\t<\/div>\n\t\t\t\t\t<\/div>\n\t\t<\/section>\n\t\t\t\t<\/div>","protected":false},"excerpt":{"rendered":"<p>M\u00fctzen mit Ihrem Firmenlogo Nutzen Sie unsere fertigen Modelle oder erstellen Sie mit uns Ihre eigene M\u00fctze! W\u00e4hlen Sie einmalige Farben und einen Aufdruck, die dieses stilvolle Accessoire f\u00fcr Ihre Firma, Ihre Mitarbeiter und Kunden hervorheben, und wir k\u00fcmmern uns um die Umsetzung und gew\u00e4hren beste Qualit\u00e4t. Winterm\u00fctzen Baseballm\u00fctzen Sind Sie an einer Zusammenarbeit interessiert?Wir befassen uns mit der umfassenden Herstellung von Kleidung. Wir \u00fcbernehmen den gesamten Prozess der Erstellung einer Kollektion \u2013 von der Gestaltung und der Vorbereitung der Konstruktion und Prototypen \u00fcber die Einkaufsberatung und Unterst\u00fctzung bei der Materialauswahl bis hin zur Auswahl und Umsetzung von Methoden der Textilveredelung sowie Accessoires, wie Aufn\u00e4hern oder Etiketten. Fragen Sie nach einem Produkt, das nicht in unserem Angebot ist.<\/p>","protected":false},"author":1,"featured_media":0,"parent":0,"menu_order":0,"comment_status":"closed","ping_status":"closed","template":"","meta":{"inline_featured_image":false,"footnotes":""},"class_list":["post-13039","page","type-page","status-publish","hentry","post-no-thumbnail"],"yoast_head":"<!-- This site is optimized with the Yoast SEO plugin v25.6 - https:\/\/yoast.com\/wordpress\/plugins\/seo\/ -->\n<title>Rascal Industry<\/title>\n<meta name=\"robots\" content=\"index, follow, max-snippet:-1, max-image-preview:large, max-video-preview:-1\" \/>\n<link rel=\"canonical\" href=\"https:\/\/www.rascalindustry.pl\/de\/mutzen\/\" \/>\n<meta property=\"og:locale\" content=\"de_DE\" \/>\n<meta property=\"og:type\" content=\"article\" \/>\n<meta property=\"og:title\" content=\"Rascal Industry\" \/>\n<meta property=\"og:description\" content=\"M\u00fctzen mit Ihrem Firmenlogo Nutzen Sie unsere fertigen Modelle oder erstellen Sie mit uns Ihre eigene M\u00fctze! W\u00e4hlen Sie einmalige Farben und einen Aufdruck, die dieses stilvolle Accessoire f\u00fcr Ihre Firma, Ihre Mitarbeiter und Kunden hervorheben, und wir k\u00fcmmern uns um die Umsetzung und gew\u00e4hren beste Qualit\u00e4t. Winterm\u00fctzen Baseballm\u00fctzen Sind Sie an einer Zusammenarbeit interessiert?Wir befassen uns mit der umfassenden Herstellung von Kleidung. Wir \u00fcbernehmen den gesamten Prozess der Erstellung einer Kollektion \u2013 von der Gestaltung und der Vorbereitung der Konstruktion und Prototypen \u00fcber die Einkaufsberatung und Unterst\u00fctzung bei der Materialauswahl bis hin zur Auswahl und Umsetzung von Methoden der Textilveredelung sowie Accessoires, wie Aufn\u00e4hern oder Etiketten. Fragen Sie nach einem Produkt, das nicht in unserem Angebot ist.\" \/>\n<meta property=\"og:url\" content=\"https:\/\/www.rascalindustry.pl\/de\/mutzen\/\" \/>\n<meta property=\"og:site_name\" content=\"Rascal Industry\" \/>\n<meta property=\"article:publisher\" content=\"https:\/\/www.facebook.com\/RascalIndustry\/\" \/>\n<meta property=\"article:modified_time\" content=\"2022-01-13T20:35:24+00:00\" \/>\n<meta property=\"og:image\" content=\"https:\/\/www.rascalindustry.pl\/wp-content\/uploads\/2021\/10\/czapki-1.png\" \/>\n<meta name=\"twitter:card\" content=\"summary_large_image\" \/>\n<meta name=\"twitter:label1\" content=\"Gesch\u00e4tzte Lesezeit\" \/>\n\t<meta name=\"twitter:data1\" content=\"2\u00a0Minuten\" \/>\n<script type=\"application\/ld+json\" class=\"yoast-schema-graph\">{\"@context\":\"https:\/\/schema.org\",\"@graph\":[{\"@type\":\"WebPage\",\"@id\":\"https:\/\/www.rascalindustry.pl\/de\/mutzen\/\",\"url\":\"https:\/\/www.rascalindustry.pl\/de\/mutzen\/\",\"name\":\"Rascal Industry\",\"isPartOf\":{\"@id\":\"https:\/\/www.rascalindustry.pl\/de\/#website\"},\"primaryImageOfPage\":{\"@id\":\"https:\/\/www.rascalindustry.pl\/de\/mutzen\/#primaryimage\"},\"image\":{\"@id\":\"https:\/\/www.rascalindustry.pl\/de\/mutzen\/#primaryimage\"},\"thumbnailUrl\":\"https:\/\/www.rascalindustry.pl\/wp-content\/uploads\/2021\/10\/czapki-1.png\",\"datePublished\":\"2022-01-13T20:32:21+00:00\",\"dateModified\":\"2022-01-13T20:35:24+00:00\",\"breadcrumb\":{\"@id\":\"https:\/\/www.rascalindustry.pl\/de\/mutzen\/#breadcrumb\"},\"inLanguage\":\"de\",\"potentialAction\":[{\"@type\":\"ReadAction\",\"target\":[\"https:\/\/www.rascalindustry.pl\/de\/mutzen\/\"]}]},{\"@type\":\"ImageObject\",\"inLanguage\":\"de\",\"@id\":\"https:\/\/www.rascalindustry.pl\/de\/mutzen\/#primaryimage\",\"url\":\"https:\/\/www.rascalindustry.pl\/wp-content\/uploads\/2021\/10\/czapki-1.png\",\"contentUrl\":\"https:\/\/www.rascalindustry.pl\/wp-content\/uploads\/2021\/10\/czapki-1.png\"},{\"@type\":\"BreadcrumbList\",\"@id\":\"https:\/\/www.rascalindustry.pl\/de\/mutzen\/#breadcrumb\",\"itemListElement\":[{\"@type\":\"ListItem\",\"position\":1,\"name\":\"Strona g\u0142\u00f3wna\",\"item\":\"https:\/\/www.rascalindustry.pl\/de\/\"},{\"@type\":\"ListItem\",\"position\":2,\"name\":\"M\u00fctzen\"}]},{\"@type\":\"WebSite\",\"@id\":\"https:\/\/www.rascalindustry.pl\/de\/#website\",\"url\":\"https:\/\/www.rascalindustry.pl\/de\/\",\"name\":\"Rascal Industry\",\"description\":\"\",\"publisher\":{\"@id\":\"https:\/\/www.rascalindustry.pl\/de\/#organization\"},\"potentialAction\":[{\"@type\":\"SearchAction\",\"target\":{\"@type\":\"EntryPoint\",\"urlTemplate\":\"https:\/\/www.rascalindustry.pl\/de\/?s={search_term_string}\"},\"query-input\":{\"@type\":\"PropertyValueSpecification\",\"valueRequired\":true,\"valueName\":\"search_term_string\"}}],\"inLanguage\":\"de\"},{\"@type\":\"Organization\",\"@id\":\"https:\/\/www.rascalindustry.pl\/de\/#organization\",\"name\":\"Rascal Industry\",\"url\":\"https:\/\/www.rascalindustry.pl\/de\/\",\"logo\":{\"@type\":\"ImageObject\",\"inLanguage\":\"de\",\"@id\":\"https:\/\/www.rascalindustry.pl\/de\/#\/schema\/logo\/image\/\",\"url\":\"https:\/\/www.rascalindustry.pl\/wp-content\/uploads\/2020\/03\/LogoBlack.png\",\"contentUrl\":\"https:\/\/www.rascalindustry.pl\/wp-content\/uploads\/2020\/03\/LogoBlack.png\",\"width\":660,\"height\":233,\"caption\":\"Rascal Industry\"},\"image\":{\"@id\":\"https:\/\/www.rascalindustry.pl\/de\/#\/schema\/logo\/image\/\"},\"sameAs\":[\"https:\/\/www.facebook.com\/RascalIndustry\/\",\"https:\/\/www.instagram.com\/rascalindustry\/?hl=pl\",\"https:\/\/www.linkedin.com\/company\/rascalspzoo\/\"]}]}<\/script>\n<!-- \/ Yoast SEO plugin. -->","yoast_head_json":{"title":"Rascal Industry","robots":{"index":"index","follow":"follow","max-snippet":"max-snippet:-1","max-image-preview":"max-image-preview:large","max-video-preview":"max-video-preview:-1"},"canonical":"https:\/\/www.rascalindustry.pl\/de\/mutzen\/","og_locale":"de_DE","og_type":"article","og_title":"Rascal Industry","og_description":"M\u00fctzen mit Ihrem Firmenlogo Nutzen Sie unsere fertigen Modelle oder erstellen Sie mit uns Ihre eigene M\u00fctze! W\u00e4hlen Sie einmalige Farben und einen Aufdruck, die dieses stilvolle Accessoire f\u00fcr Ihre Firma, Ihre Mitarbeiter und Kunden hervorheben, und wir k\u00fcmmern uns um die Umsetzung und gew\u00e4hren beste Qualit\u00e4t. Winterm\u00fctzen Baseballm\u00fctzen Sind Sie an einer Zusammenarbeit interessiert?Wir befassen uns mit der umfassenden Herstellung von Kleidung. Wir \u00fcbernehmen den gesamten Prozess der Erstellung einer Kollektion \u2013 von der Gestaltung und der Vorbereitung der Konstruktion und Prototypen \u00fcber die Einkaufsberatung und Unterst\u00fctzung bei der Materialauswahl bis hin zur Auswahl und Umsetzung von Methoden der Textilveredelung sowie Accessoires, wie Aufn\u00e4hern oder Etiketten. Fragen Sie nach einem Produkt, das nicht in unserem Angebot ist.","og_url":"https:\/\/www.rascalindustry.pl\/de\/mutzen\/","og_site_name":"Rascal Industry","article_publisher":"https:\/\/www.facebook.com\/RascalIndustry\/","article_modified_time":"2022-01-13T20:35:24+00:00","og_image":[{"url":"https:\/\/www.rascalindustry.pl\/wp-content\/uploads\/2021\/10\/czapki-1.png","type":"","width":"","height":""}],"twitter_card":"summary_large_image","twitter_misc":{"Gesch\u00e4tzte Lesezeit":"2\u00a0Minuten"},"schema":{"@context":"https:\/\/schema.org","@graph":[{"@type":"WebPage","@id":"https:\/\/www.rascalindustry.pl\/de\/mutzen\/","url":"https:\/\/www.rascalindustry.pl\/de\/mutzen\/","name":"Rascal Industry","isPartOf":{"@id":"https:\/\/www.rascalindustry.pl\/de\/#website"},"primaryImageOfPage":{"@id":"https:\/\/www.rascalindustry.pl\/de\/mutzen\/#primaryimage"},"image":{"@id":"https:\/\/www.rascalindustry.pl\/de\/mutzen\/#primaryimage"},"thumbnailUrl":"https:\/\/www.rascalindustry.pl\/wp-content\/uploads\/2021\/10\/czapki-1.png","datePublished":"2022-01-13T20:32:21+00:00","dateModified":"2022-01-13T20:35:24+00:00","breadcrumb":{"@id":"https:\/\/www.rascalindustry.pl\/de\/mutzen\/#breadcrumb"},"inLanguage":"de","potentialAction":[{"@type":"ReadAction","target":["https:\/\/www.rascalindustry.pl\/de\/mutzen\/"]}]},{"@type":"ImageObject","inLanguage":"de","@id":"https:\/\/www.rascalindustry.pl\/de\/mutzen\/#primaryimage","url":"https:\/\/www.rascalindustry.pl\/wp-content\/uploads\/2021\/10\/czapki-1.png","contentUrl":"https:\/\/www.rascalindustry.pl\/wp-content\/uploads\/2021\/10\/czapki-1.png"},{"@type":"BreadcrumbList","@id":"https:\/\/www.rascalindustry.pl\/de\/mutzen\/#breadcrumb","itemListElement":[{"@type":"ListItem","position":1,"name":"Strona g\u0142\u00f3wna","item":"https:\/\/www.rascalindustry.pl\/de\/"},{"@type":"ListItem","position":2,"name":"M\u00fctzen"}]},{"@type":"WebSite","@id":"https:\/\/www.rascalindustry.pl\/de\/#website","url":"https:\/\/www.rascalindustry.pl\/de\/","name":"Rascal Industry","description":"","publisher":{"@id":"https:\/\/www.rascalindustry.pl\/de\/#organization"},"potentialAction":[{"@type":"SearchAction","target":{"@type":"EntryPoint","urlTemplate":"https:\/\/www.rascalindustry.pl\/de\/?s={search_term_string}"},"query-input":{"@type":"PropertyValueSpecification","valueRequired":true,"valueName":"search_term_string"}}],"inLanguage":"de"},{"@type":"Organization","@id":"https:\/\/www.rascalindustry.pl\/de\/#organization","name":"Rascal Industry","url":"https:\/\/www.rascalindustry.pl\/de\/","logo":{"@type":"ImageObject","inLanguage":"de","@id":"https:\/\/www.rascalindustry.pl\/de\/#\/schema\/logo\/image\/","url":"https:\/\/www.rascalindustry.pl\/wp-content\/uploads\/2020\/03\/LogoBlack.png","contentUrl":"https:\/\/www.rascalindustry.pl\/wp-content\/uploads\/2020\/03\/LogoBlack.png","width":660,"height":233,"caption":"Rascal Industry"},"image":{"@id":"https:\/\/www.rascalindustry.pl\/de\/#\/schema\/logo\/image\/"},"sameAs":["https:\/\/www.facebook.com\/RascalIndustry\/","https:\/\/www.instagram.com\/rascalindustry\/?hl=pl","https:\/\/www.linkedin.com\/company\/rascalspzoo\/"]}]}},"_links":{"self":[{"href":"https:\/\/www.rascalindustry.pl\/de\/wp-json\/wp\/v2\/pages\/13039"}],"collection":[{"href":"https:\/\/www.rascalindustry.pl\/de\/wp-json\/wp\/v2\/pages"}],"about":[{"href":"https:\/\/www.rascalindustry.pl\/de\/wp-json\/wp\/v2\/types\/page"}],"author":[{"embeddable":true,"href":"https:\/\/www.rascalindustry.pl\/de\/wp-json\/wp\/v2\/users\/1"}],"replies":[{"embeddable":true,"href":"https:\/\/www.rascalindustry.pl\/de\/wp-json\/wp\/v2\/comments?post=13039"}],"version-history":[{"count":5,"href":"https:\/\/www.rascalindustry.pl\/de\/wp-json\/wp\/v2\/pages\/13039\/revisions"}],"predecessor-version":[{"id":13046,"href":"https:\/\/www.rascalindustry.pl\/de\/wp-json\/wp\/v2\/pages\/13039\/revisions\/13046"}],"wp:attachment":[{"href":"https:\/\/www.rascalindustry.pl\/de\/wp-json\/wp\/v2\/media?parent=13039"}],"curies":[{"name":"wp","href":"https:\/\/api.w.org\/{rel}","templated":true}]}}